{"id":8320,"date":"2015-09-19T21:18:51","date_gmt":"2015-09-19T19:18:51","guid":{"rendered":"http:\/\/www.hsg-panther.de\/de\/?page_id=20"},"modified":"2026-04-19T09:12:55","modified_gmt":"2026-04-19T07:12:55","slug":"ueber-die-hsg","status":"publish","type":"page","link":"https:\/\/hsg-panther.de\/de\/ueber-die-hsg\/","title":{"rendered":"Mach mit!"},"content":{"rendered":"\n<h2 class=\"wp-block-heading\">TV 1897 Dudenhofen + TV 1885 Schifferstadt = Handballspielgemeinschaft Dudenhofen\/Schifferstadt<\/h2>\n\n\n\n<p>Am 01.05.2015 fusionierten die Handballabteilungen der beiden Stammvereine <a rel=\"noopener\" href=\"http:\/\/www.tv-dudenhofen.de\" target=\"_blank\">TV 1897 Dudenhofen eV<\/a> und <a rel=\"noopener\" href=\"http:\/\/www.tv-schifferstadt.de\" target=\"_blank\">TV 1885 Schifferstadt eV<\/a> zur Handballspielgemeinschaft Dudenhofen-Schifferstadt.<\/p>\n\n\n\n<p>Die Fusion war der Startpunkt einer \u00fcber 10-j\u00e4hrigen Erfolgsgeschichte bis hin zur sehr erfolgreichen Gegenwart und ist die Basis f\u00fcr eine ambitionierte und vielversprechende Zukunft.<\/p>\n\n\n\n<p>An der Spitze der HSG steht Abteilungsleiter Jochen Fischer, der gemeinsam mit einem engagierten F\u00fchrungsteam die Entwicklung des Vereins vorantreibt und neue Impulse setzt. Zum Team geh\u00f6ren Daniela Schmitt (Abteilungsleitung TVS), Max Barlang (Abteilungsleitung TVD), Arnd B\u00e4uerle, Luca Krause, Heike Schutzius und Stephan V\u00f6gele. Unterst\u00fctzt werden sie von Siggi Oetzel, Laura Laubner und Sebastian M\u00fcller.<\/p>\n\n\n\n<p>Ein besonderer Fokus liegt auf der Jugendarbeit \u2013 dem Herzst\u00fcck der HSG. Hier wird der Grundstein f\u00fcr die sportliche Zukunft gelegt. Die sportliche Leitung im Jugendbereich \u00fcbernimmt Luca Krause, der im weiblichen Bereich von Laura Laubner und bei den Minis von Sebastian M\u00fcller tatkr\u00e4ftig unterst\u00fctzt wird.<\/p>\n\n\n\n<p>Im Aktivenbereich tr\u00e4gt Arnd B\u00e4uerle die Verantwortung, unterst\u00fctzt von Siggi Oetzel. Beide bringen viel Erfahrung mit: Als langj\u00e4hrige Trainer und Organisatoren feierten sie Erfolge bei TVD sowie mit den HSG-Aktiven und pr\u00e4gen den Verein bis heute.<\/p>\n\n\n\n<p>In der Saison 2025\/26 nahm die HSG Dudenhofen-Schifferstadt mit \u00fcber 30 Mannschaften und rund 350 Sportlerinnen und Sportlern am Ligabetrieb teil \u2013 ein beeindruckendes Zeichen f\u00fcr die starke Entwicklung des Vereins.<\/p>\n\n\n\n<p>Mit der Gr\u00fcndung der Gl\u00fcckspanther und der Integration in den Jugendbereich leben wir Inklusion vor, wir bieten beeintr\u00e4chtigen Kindern und Jugendlichen die M\u00f6glichkeit den Handballsport auszu\u00fcben.<\/p>\n\n\n\n<p>Besonders hervorzuheben ist die durchg\u00e4ngige Besetzung aller Jugendklassen: Von den Minis bis zur A-Jugend sind sowohl im m\u00e4nnlichen als auch im weiblichen Bereich alle Altersstufen vertreten. Damit steht die HSG f\u00fcr gelebte Vielfalt und erm\u00f6glicht Handball f\u00fcr alle \u2013 unabh\u00e4ngig von Alter, Geschlecht oder Leistungsniveau.<\/p>\n\n\n\n<p>Die HSG versteht sich als ambitionierten Breitensportverein. Ob Breiten- oder Leistungssport: Hier findet jede und jeder seinen Platz.<\/p>\n\n\n\n<p>Jederzeit aktuelle Informationen \u00fcber die HSG Dudenhofen\/Schifferstadt finden Sie auch auf der <a href=\"https:\/\/www.instagram.com\/hsg_dudenhofenschifferstadt\/\" target=\"_blank\" rel=\"noopener\" title=\"\">Instagram-Seite<\/a> der HSG.<br>\u00dcber einen Like und neue Follower freuen wir uns sehr!<\/p>\n\n\n\n\n","protected":false},"excerpt":{"rendered":"<p>TV 1897 Dudenhofen + TV 1885 Schifferstadt = Handballspielgemeinschaft Dudenhofen\/Schifferstadt Am 01.05.2015 fusionierten die Handballabteilungen der beiden Stammvereine TV 1897 Dudenhofen eV und TV 1885 Schifferstadt eV zur Handballspielgemeinschaft Dudenhofen-Schifferstadt. Die Fusion war der Startpunkt einer \u00fcber 10-j\u00e4hrigen Erfolgsgeschichte bis hin zur sehr erfolgreichen Gegenwart und ist die Basis f\u00fcr eine ambitionierte und vielversprechende Zukunft. [&hellip;]<\/p>\n","protected":false},"author":1,"featured_media":0,"parent":0,"menu_order":2,"comment_status":"closed","ping_status":"closed","template":"","meta":{"footnotes":""},"class_list":["post-8320","page","type-page","status-publish","hentry","post"],"aioseo_notices":[],"featured_image_src":null,"_links":{"self":[{"href":"https:\/\/hsg-panther.de\/de\/wp-json\/wp\/v2\/pages\/8320","targetHints":{"allow":["GET"]}}],"collection":[{"href":"https:\/\/hsg-panther.de\/de\/wp-json\/wp\/v2\/pages"}],"about":[{"href":"https:\/\/hsg-panther.de\/de\/wp-json\/wp\/v2\/types\/page"}],"author":[{"embeddable":true,"href":"https:\/\/hsg-panther.de\/de\/wp-json\/wp\/v2\/users\/1"}],"replies":[{"embeddable":true,"href":"https:\/\/hsg-panther.de\/de\/wp-json\/wp\/v2\/comments?post=8320"}],"version-history":[{"count":11,"href":"https:\/\/hsg-panther.de\/de\/wp-json\/wp\/v2\/pages\/8320\/revisions"}],"predecessor-version":[{"id":12492,"href":"https:\/\/hsg-panther.de\/de\/wp-json\/wp\/v2\/pages\/8320\/revisions\/12492"}],"wp:attachment":[{"href":"https:\/\/hsg-panther.de\/de\/wp-json\/wp\/v2\/media?parent=8320"}],"curies":[{"name":"wp","href":"https:\/\/api.w.org\/{rel}","templated":true}]}}