{"id":330,"date":"2015-10-04T14:13:38","date_gmt":"2015-10-04T12:13:38","guid":{"rendered":"http:\/\/www.hsg-panther.de\/de\/?page_id=330"},"modified":"2026-03-01T14:57:21","modified_gmt":"2026-03-01T13:57:21","slug":"herren-2","status":"publish","type":"page","link":"https:\/\/hsg-panther.de\/de\/mannschaften\/herren-2\/","title":{"rendered":"Herren II &#8211; Verbandsliga"},"content":{"rendered":"\n<figure data-wp-context=\"{&quot;imageId&quot;:&quot;69e5e734d8325&quot;}\" data-wp-interactive=\"core\/image\" data-wp-key=\"69e5e734d8325\" class=\"wp-block-image size-large wp-lightbox-container\"><img loading=\"lazy\" decoding=\"async\" width=\"1024\" height=\"911\" data-wp-class--hide=\"state.isContentHidden\" data-wp-class--show=\"state.isContentVisible\" data-wp-init=\"callbacks.setButtonStyles\" data-wp-on--click=\"actions.showLightbox\" data-wp-on--load=\"callbacks.setButtonStyles\" data-wp-on-window--resize=\"callbacks.setButtonStyles\" src=\"https:\/\/hsg-panther.de\/de\/wp-content\/uploads\/2025\/11\/Herren-2-1024x911.jpeg\" alt=\"\" class=\"wp-image-11984\" style=\"object-fit:cover\" srcset=\"https:\/\/hsg-panther.de\/de\/wp-content\/uploads\/2025\/11\/Herren-2-1024x911.jpeg 1024w, https:\/\/hsg-panther.de\/de\/wp-content\/uploads\/2025\/11\/Herren-2-300x267.jpeg 300w, https:\/\/hsg-panther.de\/de\/wp-content\/uploads\/2025\/11\/Herren-2-768x683.jpeg 768w, https:\/\/hsg-panther.de\/de\/wp-content\/uploads\/2025\/11\/Herren-2.jpeg 1080w\" sizes=\"auto, (max-width: 1024px) 100vw, 1024px\" \/><button\n\t\t\tclass=\"lightbox-trigger\"\n\t\t\ttype=\"button\"\n\t\t\taria-haspopup=\"dialog\"\n\t\t\taria-label=\"Vergr\u00f6\u00dfern\"\n\t\t\tdata-wp-init=\"callbacks.initTriggerButton\"\n\t\t\tdata-wp-on--click=\"actions.showLightbox\"\n\t\t\tdata-wp-style--right=\"state.imageButtonRight\"\n\t\t\tdata-wp-style--top=\"state.imageButtonTop\"\n\t\t>\n\t\t\t<svg xmlns=\"http:\/\/www.w3.org\/2000\/svg\" width=\"12\" height=\"12\" fill=\"none\" viewBox=\"0 0 12 12\">\n\t\t\t\t<path fill=\"#fff\" d=\"M2 0a2 2 0 0 0-2 2v2h1.5V2a.5.5 0 0 1 .5-.5h2V0H2Zm2 10.5H2a.5.5 0 0 1-.5-.5V8H0v2a2 2 0 0 0 2 2h2v-1.5ZM8 12v-1.5h2a.5.5 0 0 0 .5-.5V8H12v2a2 2 0 0 1-2 2H8Zm2-12a2 2 0 0 1 2 2v2h-1.5V2a.5.5 0 0 0-.5-.5H8V0h2Z\" \/>\n\t\t\t<\/svg>\n\t\t<\/button><\/figure>\n\n\n\n<h3 class=\"wp-block-heading\"><strong>Kader<\/strong><\/h3>\n\n\n\n<p class=\"has-small-font-size\"><strong><em>(Von links nach rechts<\/em><\/strong>)<\/p>\n\n\n\n<p><strong>Hintere Reihe:<\/strong> Kevin Gerber, Robert Merklinger, Nils Amreich, Hannes Wei\u00dfenmayer, Bastian Neubauer, Sascha Koch<\/p>\n\n\n\n<p><strong>Mittlere Reihe:<\/strong> Christoph Schubart (Trainer), Johannes Auperle, Paul Wosien, Alexander Kirsch, Ben Rogers, Simon Bl\u00fcmer<\/p>\n\n\n\n<p><strong>Vordere Reihe:<\/strong> Linus Klatz, Tim-Julian Dann, Felix Trapp, Noel Korn, Marc Sch\u00f6nung, Fabian Walter<\/p>\n\n\n\n<p><strong>Es fehlen:<\/strong> Tom Fritzmann, Arnd B\u00e4uerle, Joel Rogers<\/p>\n\n\n<div class=\"wp-block-ub-divider ub_divider ub-divider-orientation-horizontal\" id=\"ub_divider_0b58c68b-9766-4038-8366-f55476933038\"><div class=\"ub_divider_wrapper\" style=\"position: relative; margin-bottom: 2px; width: 100%; height: 2px; \" data-divider-alignment=\"center\"><div class=\"ub_divider_line\" style=\"border-top: 2px solid #ccc; margin-top: 2px; \"><\/div><\/div><\/div>\n\n\n<h3 class=\"wp-block-heading\"><strong>Trainer<\/strong><\/h3>\n\n\n\n<p>Christoph Schubart<br>Arnd B\u00e4uerle<\/p>\n\n\n<div class=\"wp-block-ub-divider ub_divider ub-divider-orientation-horizontal\" id=\"ub_divider_5900118d-eba3-4305-b3af-de3e3a9f2b5c\"><div class=\"ub_divider_wrapper\" style=\"position: relative; margin-bottom: 2px; width: 100%; height: 2px; \" data-divider-alignment=\"center\"><div class=\"ub_divider_line\" style=\"border-top: 2px solid #ccc; margin-top: 2px; \"><\/div><\/div><\/div>\n\n\n<script>\n_hb({\nwidget: 'spielplan',\nteamId: 'handball4all.rheinhessen-pfalz.1290736',\ncontainer: 'handball-spielplan'\n})\n_hb({\nwidget: 'tabelle',\nteamId: 'handball4all.rheinhessen-pfalz.1290736',\ncontainer: 'handball-tabelle'\n})\n<\/script>\n\n<div id='handball-spielplan'><\/div>\n<div id='handball-tabelle'><\/div>\n\n\n\n<h4 class=\"wp-block-heading\"><span style=\"font-size: 12pt;\"><a href=\"https:\/\/www.handball4all.de\/home\/portal\/pfalz\/#\/league?ogId=171&amp;lId=85436&amp;tId=845481\" target=\"_blank\" rel=\"noopener\">Spielplan &amp; Tabelle<\/a><\/span><\/h4>\n","protected":false},"excerpt":{"rendered":"<p>Kader (Von links nach rechts) Hintere Reihe: Kevin Gerber, Robert Merklinger, Nils Amreich, Hannes Wei\u00dfenmayer, Bastian Neubauer, Sascha Koch Mittlere Reihe: Christoph Schubart (Trainer), Johannes Auperle, Paul Wosien, Alexander Kirsch, Ben Rogers, Simon Bl\u00fcmer Vordere Reihe: Linus Klatz, Tim-Julian Dann, Felix Trapp, Noel Korn, Marc Sch\u00f6nung, Fabian Walter Es fehlen: Tom Fritzmann, Arnd B\u00e4uerle, Joel [&hellip;]<\/p>\n","protected":false},"author":1,"featured_media":11984,"parent":158,"menu_order":2,"comment_status":"closed","ping_status":"closed","template":"","meta":{"footnotes":""},"class_list":["post-330","page","type-page","status-publish","has-post-thumbnail","hentry","post","post-with-thumbnail","post-with-thumbnail-large"],"aioseo_notices":[],"featured_image_src":"https:\/\/hsg-panther.de\/de\/wp-content\/uploads\/2025\/11\/Herren-2.jpeg","_links":{"self":[{"href":"https:\/\/hsg-panther.de\/de\/wp-json\/wp\/v2\/pages\/330","targetHints":{"allow":["GET"]}}],"collection":[{"href":"https:\/\/hsg-panther.de\/de\/wp-json\/wp\/v2\/pages"}],"about":[{"href":"https:\/\/hsg-panther.de\/de\/wp-json\/wp\/v2\/types\/page"}],"author":[{"embeddable":true,"href":"https:\/\/hsg-panther.de\/de\/wp-json\/wp\/v2\/users\/1"}],"replies":[{"embeddable":true,"href":"https:\/\/hsg-panther.de\/de\/wp-json\/wp\/v2\/comments?post=330"}],"version-history":[{"count":13,"href":"https:\/\/hsg-panther.de\/de\/wp-json\/wp\/v2\/pages\/330\/revisions"}],"predecessor-version":[{"id":12253,"href":"https:\/\/hsg-panther.de\/de\/wp-json\/wp\/v2\/pages\/330\/revisions\/12253"}],"up":[{"embeddable":true,"href":"https:\/\/hsg-panther.de\/de\/wp-json\/wp\/v2\/pages\/158"}],"wp:featuredmedia":[{"embeddable":true,"href":"https:\/\/hsg-panther.de\/de\/wp-json\/wp\/v2\/media\/11984"}],"wp:attachment":[{"href":"https:\/\/hsg-panther.de\/de\/wp-json\/wp\/v2\/media?parent=330"}],"curies":[{"name":"wp","href":"https:\/\/api.w.org\/{rel}","templated":true}]}}