{"id":3155,"date":"2017-02-28T15:41:20","date_gmt":"2017-02-28T14:41:20","guid":{"rendered":"http:\/\/www.hsg-panther.de\/de\/?page_id=3155"},"modified":"2023-09-02T19:20:52","modified_gmt":"2023-09-02T17:20:52","slug":"koop","status":"publish","type":"page","link":"https:\/\/hsg-panther.de\/de\/koop\/","title":{"rendered":"Kooperation mit den Jungl\u00f6wen der SG Kronau\/\u00d6stringen"},"content":{"rendered":"\n<h2 class=\"wp-block-heading\">Idee und Umsetzung<\/h2>\n\n\n\n<p><span style=\"font-size: 8pt;\">28.02.2017 | von Christian Grill<\/span><\/p>\n\n\n\n<p>Vor einigen Monaten, noch im vergangenen Jahr, wurde die Idee einer Kooperation der m\u00e4nnlichen Jugendbereiche zwischen der SG Kronau\/\u00d6stringen, dominierend im m\u00e4nnlichen Jugendhandball in Baden und Baden-W\u00fcrttemberg, und der HSG Dudenhofen\/Schifferstadt, nach dem immer noch jungen Zusammenschluss zur Spielgemeinschaft nun einer der gr\u00f6\u00dften Vereine der Pfalz, geboren.<\/p>\n\n\n\n<p>Nach vielen Gespr\u00e4chen, Treffen und regem Austausch wird am Samstag, den 11.03.17 der offizielle Startschuss zum Beginn der Kooperation stattfinden. Rund um ein hochklassiges Turnier der m\u00e4nnlichen D-Jugenden der Kooperationspartner HSG Dudenhofen\/Schifferstadt (Pfalzliga) und der SG Kronau\/\u00d6stringen (Badenliga), sowie dem Nachwuchs der HSG Worms (Rheinhessenliga) soll die Kooperation in Schifferstadt vorgestellt, erkl\u00e4rt und feierlich offiziell gestartet werden.<\/p>\n\n\n\n<p>Letztlich bezwecken beide Seiten, ihren Verein und vor allem ihre jungen Spieler zu f\u00f6rdern, bestm\u00f6glich in ihrer Entwicklung zu unterst\u00fctzen und weiterzubringen. Dazu m\u00f6chten beide Vereine zusammenarbeiten, voneinander und miteinander lernen, sich austauschen, Ideen und M\u00f6glichkeiten ausprobieren und Erfahrungen teilen.<\/p>\n\n\n\n<p>W\u00e4hrend Kronau\/\u00d6stringen schon mehrere solcher Kooperationen \u2013 vor allem im badischen Raum \u2013 unterh\u00e4lt, ist es f\u00fcr die HSG ein v\u00f6llig neues Experiment. Doch auch von Kronauer Seite gilt die Kooperationsidee noch als Versuch, bei dem die Zeit zeigen wird, was sich daraus ergibt. Bis dahin ist es an den Kooperationspartnern, die Gedanken und Ideen hinter der Kooperation mit Leben zu f\u00fcllen. Dies geschieht sogar vor offiziellem Kooperationsstart schon, indem einige HSG-Talente als zus\u00e4tzliche F\u00f6rdertrainingseinheit am Athletik- und Individualtraining Kronau teilnehmen und dabei von den idealen Trainingsbedingungen im Leistungszentrum profitieren k\u00f6nnen. Gleichzeitig hospitieren HSG-Trainer bereits bei Trainingseinheiten in Kronau, wobei sie von den erfahrenen, exzellent ausgebildeten Trainern dort lernen und das erworbene Know-How wiederum ins eigene Vereinstraining, in die Ausbildung der eigenen Jugendlichen, einbauen.<\/p>\n\n\n\n<p>Alle Interessierte, gerne auch anderer Vereine; Trainer, Spieler, Spielereltern und alle anderen Handballinteressierten sind dabei herzlich eingeladen, am Kooperationstag am 11.03.17 in Schifferstadt ab 14.00 Uhr vorbeizuschauen, wenn die Kooperation zwischen Jungl\u00f6wen und Panthern offiziell eingel\u00e4utet wird.<\/p>\n","protected":false},"excerpt":{"rendered":"<p>Idee und Umsetzung 28.02.2017 | von Christian Grill Vor einigen Monaten, noch im vergangenen Jahr, wurde die Idee einer Kooperation der m\u00e4nnlichen Jugendbereiche zwischen der SG Kronau\/\u00d6stringen, dominierend im m\u00e4nnlichen Jugendhandball in Baden und Baden-W\u00fcrttemberg, und der HSG Dudenhofen\/Schifferstadt, nach dem immer noch jungen Zusammenschluss zur Spielgemeinschaft nun einer der gr\u00f6\u00dften Vereine der Pfalz, geboren. [&hellip;]<\/p>\n","protected":false},"author":1,"featured_media":3164,"parent":0,"menu_order":110,"comment_status":"closed","ping_status":"closed","template":"","meta":{"footnotes":""},"class_list":["post-3155","page","type-page","status-publish","has-post-thumbnail","hentry","post","post-with-thumbnail","post-with-thumbnail-large"],"aioseo_notices":[],"featured_image_src":null,"_links":{"self":[{"href":"https:\/\/hsg-panther.de\/de\/wp-json\/wp\/v2\/pages\/3155","targetHints":{"allow":["GET"]}}],"collection":[{"href":"https:\/\/hsg-panther.de\/de\/wp-json\/wp\/v2\/pages"}],"about":[{"href":"https:\/\/hsg-panther.de\/de\/wp-json\/wp\/v2\/types\/page"}],"author":[{"embeddable":true,"href":"https:\/\/hsg-panther.de\/de\/wp-json\/wp\/v2\/users\/1"}],"replies":[{"embeddable":true,"href":"https:\/\/hsg-panther.de\/de\/wp-json\/wp\/v2\/comments?post=3155"}],"version-history":[{"count":0,"href":"https:\/\/hsg-panther.de\/de\/wp-json\/wp\/v2\/pages\/3155\/revisions"}],"wp:featuredmedia":[{"embeddable":true,"href":"https:\/\/hsg-panther.de\/de\/wp-json\/"}],"wp:attachment":[{"href":"https:\/\/hsg-panther.de\/de\/wp-json\/wp\/v2\/media?parent=3155"}],"curies":[{"name":"wp","href":"https:\/\/api.w.org\/{rel}","templated":true}]}}