{"id":262,"date":"2015-09-22T22:03:52","date_gmt":"2015-09-22T20:03:52","guid":{"rendered":"http:\/\/www.hsg-panther.de\/de\/?page_id=262"},"modified":"2026-03-01T15:05:06","modified_gmt":"2026-03-01T14:05:06","slug":"damen-1","status":"publish","type":"page","link":"https:\/\/hsg-panther.de\/de\/mannschaften\/damen-1\/","title":{"rendered":"Damen I &#8211; Oberliga"},"content":{"rendered":"\n<figure data-wp-context=\"{&quot;imageId&quot;:&quot;69e49c87440ff&quot;}\" data-wp-interactive=\"core\/image\" data-wp-key=\"69e49c87440ff\" class=\"wp-block-image size-large wp-lightbox-container\"><img loading=\"lazy\" decoding=\"async\" width=\"1024\" height=\"904\" data-wp-class--hide=\"state.isContentHidden\" data-wp-class--show=\"state.isContentVisible\" data-wp-init=\"callbacks.setButtonStyles\" data-wp-on--click=\"actions.showLightbox\" data-wp-on--load=\"callbacks.setButtonStyles\" data-wp-on-window--resize=\"callbacks.setButtonStyles\" src=\"https:\/\/hsg-panther.de\/de\/wp-content\/uploads\/2025\/11\/Damen-1-1024x904.jpeg\" alt=\"\" class=\"wp-image-11987\" srcset=\"https:\/\/hsg-panther.de\/de\/wp-content\/uploads\/2025\/11\/Damen-1-1024x904.jpeg 1024w, https:\/\/hsg-panther.de\/de\/wp-content\/uploads\/2025\/11\/Damen-1-300x265.jpeg 300w, https:\/\/hsg-panther.de\/de\/wp-content\/uploads\/2025\/11\/Damen-1-768x678.jpeg 768w, https:\/\/hsg-panther.de\/de\/wp-content\/uploads\/2025\/11\/Damen-1.jpeg 1080w\" sizes=\"auto, (max-width: 1024px) 100vw, 1024px\" \/><button\n\t\t\tclass=\"lightbox-trigger\"\n\t\t\ttype=\"button\"\n\t\t\taria-haspopup=\"dialog\"\n\t\t\taria-label=\"Vergr\u00f6\u00dfern\"\n\t\t\tdata-wp-init=\"callbacks.initTriggerButton\"\n\t\t\tdata-wp-on--click=\"actions.showLightbox\"\n\t\t\tdata-wp-style--right=\"state.imageButtonRight\"\n\t\t\tdata-wp-style--top=\"state.imageButtonTop\"\n\t\t>\n\t\t\t<svg xmlns=\"http:\/\/www.w3.org\/2000\/svg\" width=\"12\" height=\"12\" fill=\"none\" viewBox=\"0 0 12 12\">\n\t\t\t\t<path fill=\"#fff\" d=\"M2 0a2 2 0 0 0-2 2v2h1.5V2a.5.5 0 0 1 .5-.5h2V0H2Zm2 10.5H2a.5.5 0 0 1-.5-.5V8H0v2a2 2 0 0 0 2 2h2v-1.5ZM8 12v-1.5h2a.5.5 0 0 0 .5-.5V8H12v2a2 2 0 0 1-2 2H8Zm2-12a2 2 0 0 1 2 2v2h-1.5V2a.5.5 0 0 0-.5-.5H8V0h2Z\" \/>\n\t\t\t<\/svg>\n\t\t<\/button><\/figure>\n\n\n\n<h3 class=\"wp-block-heading\"><strong>Kader<\/strong><\/h3>\n\n\n\n<p class=\"has-small-font-size\"><strong><em><strong><em>(Von links nach rechts<\/em><\/strong>)<\/em><\/strong><\/p>\n\n\n\n<p><strong>Hintere Reihe:<\/strong> Nadine Lehr (Trainer), Uli Bischoff, Sarina Genova, Jennifer Fohs, Marlene Oetzel, Hannah Riederer, Jens Zwi\u00dfler (Trainer)<\/p>\n\n\n\n<p><strong>Vordere Reihe:<\/strong> Neele Stelter, Jana Gerber, Sophie Unger, Carolin Albrecht, Anna-Lena Etzel, Q\u00e9r\u00e9n Scholtes, Mae Kripp<\/p>\n\n\n\n<p><strong>Es fehlen:<\/strong> Karo Peter<\/p>\n\n\n<div class=\"wp-block-ub-divider ub_divider ub-divider-orientation-horizontal\" id=\"ub_divider_27cfc7fe-5c0f-4231-a336-b13f8a4b3036\"><div class=\"ub_divider_wrapper\" style=\"position: relative; margin-bottom: 2px; width: 100%; height: 2px; \" data-divider-alignment=\"center\"><div class=\"ub_divider_line\" style=\"border-top: 2px solid #ccc; margin-top: 2px; \"><\/div><\/div><\/div>\n\n\n<h3 class=\"wp-block-heading\"><strong>Trainer<\/strong><\/h3>\n\n\n\n<p>Jens Zwi\u00dfler<br>Nadine Lehr (Torwarttrainerin)<\/p>\n\n\n<div class=\"wp-block-ub-divider ub_divider ub-divider-orientation-horizontal\" id=\"ub_divider_05482ddc-5e5f-41ec-b0c5-132522a5f0c6\"><div class=\"ub_divider_wrapper\" style=\"position: relative; margin-bottom: 2px; width: 100%; height: 2px; \" data-divider-alignment=\"center\"><div class=\"ub_divider_line\" style=\"border-top: 2px solid #ccc; margin-top: 2px; \"><\/div><\/div><\/div>\n\n\n<h4 class=\"wp-block-heading\"><a href=\"https:\/\/www.hsg-panther.de\/de\/saisonvorbericht-damen-1\/\" target=\"_blank\" rel=\"noopener\"><span style=\"font-size: 12pt;\">Zum Saisonbericht<\/span><\/a><\/h4>\n\n\n\n<script>\n_hb({\nwidget: 'spielplan',\nteamId: 'handball4all.rheinhessen-pfalz.1282536',\ncontainer: 'handball-spielplan'\n})\n_hb({\nwidget: 'tabelle',\nteamId: 'handball4all.rheinhessen-pfalz.1282536',\ncontainer: 'handball-tabelle'\n})\n<\/script>\n\n<div id='handball-spielplan'><\/div>\n<div id='handball-tabelle'><\/div>\n\n\n\n<h4 class=\"wp-block-heading\"><span style=\"font-size: 12pt;\"><a href=\"https:\/\/www.handball4all.de\/home\/portal\/pfalz\/#\/league?ogId=171&amp;lId=85461&amp;tId=845661\" target=\"_blank\" rel=\"noopener\">Spielplan &amp; Tabelle<\/a><\/span><\/h4>\n","protected":false},"excerpt":{"rendered":"<p>Kader (Von links nach rechts) Hintere Reihe: Nadine Lehr (Trainer), Uli Bischoff, Sarina Genova, Jennifer Fohs, Marlene Oetzel, Hannah Riederer, Jens Zwi\u00dfler (Trainer) Vordere Reihe: Neele Stelter, Jana Gerber, Sophie Unger, Carolin Albrecht, Anna-Lena Etzel, Q\u00e9r\u00e9n Scholtes, Mae Kripp Es fehlen: Karo Peter Trainer Jens Zwi\u00dflerNadine Lehr (Torwarttrainerin) Zum Saisonbericht Spielplan &amp; Tabelle<\/p>\n","protected":false},"author":1,"featured_media":11987,"parent":158,"menu_order":4,"comment_status":"closed","ping_status":"closed","template":"","meta":{"footnotes":""},"class_list":["post-262","page","type-page","status-publish","has-post-thumbnail","hentry","post","post-with-thumbnail","post-with-thumbnail-large"],"aioseo_notices":[],"featured_image_src":"https:\/\/hsg-panther.de\/de\/wp-content\/uploads\/2025\/11\/Damen-1.jpeg","_links":{"self":[{"href":"https:\/\/hsg-panther.de\/de\/wp-json\/wp\/v2\/pages\/262","targetHints":{"allow":["GET"]}}],"collection":[{"href":"https:\/\/hsg-panther.de\/de\/wp-json\/wp\/v2\/pages"}],"about":[{"href":"https:\/\/hsg-panther.de\/de\/wp-json\/wp\/v2\/types\/page"}],"author":[{"embeddable":true,"href":"https:\/\/hsg-panther.de\/de\/wp-json\/wp\/v2\/users\/1"}],"replies":[{"embeddable":true,"href":"https:\/\/hsg-panther.de\/de\/wp-json\/wp\/v2\/comments?post=262"}],"version-history":[{"count":11,"href":"https:\/\/hsg-panther.de\/de\/wp-json\/wp\/v2\/pages\/262\/revisions"}],"predecessor-version":[{"id":12255,"href":"https:\/\/hsg-panther.de\/de\/wp-json\/wp\/v2\/pages\/262\/revisions\/12255"}],"up":[{"embeddable":true,"href":"https:\/\/hsg-panther.de\/de\/wp-json\/wp\/v2\/pages\/158"}],"wp:featuredmedia":[{"embeddable":true,"href":"https:\/\/hsg-panther.de\/de\/wp-json\/wp\/v2\/media\/11987"}],"wp:attachment":[{"href":"https:\/\/hsg-panther.de\/de\/wp-json\/wp\/v2\/media?parent=262"}],"curies":[{"name":"wp","href":"https:\/\/api.w.org\/{rel}","templated":true}]}}