{"id":12101,"date":"2026-01-02T18:23:36","date_gmt":"2026-01-02T17:23:36","guid":{"rendered":"https:\/\/hsg-panther.de\/de\/?page_id=12101"},"modified":"2026-01-02T18:23:41","modified_gmt":"2026-01-02T17:23:41","slug":"saisonvorbericht-maennliche-e3-jugend","status":"publish","type":"page","link":"https:\/\/hsg-panther.de\/de\/saisonvorbericht-maennliche-e3-jugend\/","title":{"rendered":"Saisonvorbericht m\u00e4nnliche E3-Jugend"},"content":{"rendered":"\n<p>Im Kader der m\u00e4nnlichen E3 Jugend stehen 25 Jungs der Jahrg\u00e4nge 2015 und 2016. Weitere 20 Jungs spielen in der E1 und E2 Jugend. Es kommen immer wieder Anfragen f\u00fcrs Handballtraining in diesen Jahrg\u00e4ngen. Leider m\u00fcssen wir mit Wartelisten agieren, da wir keine Trainingskapazit\u00e4ten mehr haben.&nbsp;<\/p>\n\n\n\n<p>Ziel der E3 ist es, den Kindern neben Spa\u00df und Freude am Handball die Grundlagen von Passen, Fangen und Werfen zu vermitteln. Und das Miteinander auf dem Spielfeld zu lehren.&nbsp;<\/p>\n\n\n\n<p>Einige Kinder sind Anf\u00e4nger, manche Kinder k\u00f6nnen nur einmal&nbsp; w\u00f6chentlich ins Training kommen, da sie noch&nbsp; andere Hobbys wie Fu\u00dfball, Leichtathletik oder Musik haben. Wichtig ist, dass sie trotzdem regelm\u00e4\u00dfig einmal in der Woche im Handballtraining anwesend sind.&nbsp;<\/p>\n\n\n\n<p>Seit Trainingsbeginn im Mai haben sich die Kinder weiterentwickelt. In der Hinrunde wird es f\u00fcr die Jungs schwierig werden, ein Spiel zu gewinnen.&nbsp; Unser Kader besteht haupts\u00e4chlich aus dem j\u00fcngeren Jahrgang. Der k\u00f6rperliche Unterschied zum alten Jahrgang ist deutlich.<\/p>\n\n\n\n<p>Viele Gr\u00fc\u00dfe vom Trainerteam&nbsp;<\/p>\n\n\n\n<p>Petra Kolb, Nico R\u00f6sler, Elias Weinsch\u00fctz<\/p>\n","protected":false},"excerpt":{"rendered":"<p>Im Kader der m\u00e4nnlichen E3 Jugend stehen 25 Jungs der Jahrg\u00e4nge 2015 und 2016. Weitere 20 Jungs spielen in der E1 und E2 Jugend. Es kommen immer wieder Anfragen f\u00fcrs Handballtraining in diesen Jahrg\u00e4ngen. Leider m\u00fcssen wir mit Wartelisten agieren, da wir keine Trainingskapazit\u00e4ten mehr haben.&nbsp; Ziel der E3 ist es, den Kindern neben Spa\u00df [&hellip;]<\/p>\n","protected":false},"author":6,"featured_media":0,"parent":0,"menu_order":0,"comment_status":"closed","ping_status":"closed","template":"","meta":{"footnotes":""},"class_list":["post-12101","page","type-page","status-publish","hentry","post"],"aioseo_notices":[],"featured_image_src":null,"_links":{"self":[{"href":"https:\/\/hsg-panther.de\/de\/wp-json\/wp\/v2\/pages\/12101","targetHints":{"allow":["GET"]}}],"collection":[{"href":"https:\/\/hsg-panther.de\/de\/wp-json\/wp\/v2\/pages"}],"about":[{"href":"https:\/\/hsg-panther.de\/de\/wp-json\/wp\/v2\/types\/page"}],"author":[{"embeddable":true,"href":"https:\/\/hsg-panther.de\/de\/wp-json\/wp\/v2\/users\/6"}],"replies":[{"embeddable":true,"href":"https:\/\/hsg-panther.de\/de\/wp-json\/wp\/v2\/comments?post=12101"}],"version-history":[{"count":1,"href":"https:\/\/hsg-panther.de\/de\/wp-json\/wp\/v2\/pages\/12101\/revisions"}],"predecessor-version":[{"id":12102,"href":"https:\/\/hsg-panther.de\/de\/wp-json\/wp\/v2\/pages\/12101\/revisions\/12102"}],"wp:attachment":[{"href":"https:\/\/hsg-panther.de\/de\/wp-json\/wp\/v2\/media?parent=12101"}],"curies":[{"name":"wp","href":"https:\/\/api.w.org\/{rel}","templated":true}]}}