{"id":11438,"date":"2025-04-04T14:56:37","date_gmt":"2025-04-04T12:56:37","guid":{"rendered":"https:\/\/hsg-panther.de\/de\/?page_id=11438"},"modified":"2026-04-07T16:02:18","modified_gmt":"2026-04-07T14:02:18","slug":"ohg-turnier-infos-und-dokumente","status":"publish","type":"page","link":"https:\/\/hsg-panther.de\/de\/ohg-turnier-infos-und-dokumente\/","title":{"rendered":"OHG Turnier Infos und Dokumente"},"content":{"rendered":"\n\n\n\n<div style=\"gap: 20px;\" class=\"align-button-center ub-buttons orientation-button-row  wp-block-ub-button\" id=\"ub-button-fdec62b9-759e-4bd6-aa5b-bbf7ef4ce231\"><div class=\"ub-button-container\">\n\t\t\t<a href=\"https:\/\/hsg-panther.de\/de\/wp-content\/uploads\/2026\/04\/Spielordnung-OHG-2026.pdf\" target=\"_blank\" rel=\"noopener noreferrer\" class=\"ub-button-block-main   ub-button-flex\" role=\"button\" style=\"--ub-button-background-color: #e3000b; --ub-button-color: #ffffff; --ub-button-border: none; --ub-button-hover-background-color: #313131; --ub-button-hover-color: #ffffff; --ub-button-hover-border: none; padding-top: 10px; padding-right: 10px; padding-bottom: 10px; padding-left: 10px; border-top-left-radius: 10px;; border-top-right-radius: 10px;; border-bottom-left-radius: 10px;; border-bottom-right-radius: 10px;; \">\n\t\t\t\t<div class=\"ub-button-content-holder\" style=\"flex-direction: row\">\n\t\t\t\t\t<span class=\"ub-button-block-btn\">Spielordnung OHG-Turnier 2026<\/span>\n\t\t\t\t<\/div>\n\t\t\t<\/a>\n\t\t<\/div><div class=\"ub-button-container\">\n\t\t\t<a href=\"https:\/\/hsg-panther.de\/de\/wp-content\/uploads\/2026\/04\/Spielerliste-OHG-2026.docx\" target=\"_blank\" rel=\"noopener noreferrer\" class=\"ub-button-block-main   ub-button-flex\" role=\"button\" style=\"--ub-button-background-color: #e3000b; --ub-button-color: #ffffff; --ub-button-border: none; --ub-button-hover-background-color: #313131; --ub-button-hover-color: #ffffff; --ub-button-hover-border: none; font-size: 17px; padding-top: 10px; padding-right: 10px; padding-bottom: 10px; padding-left: 10px; border-top-left-radius: 10px;; border-top-right-radius: 10px;; border-bottom-left-radius: 10px;; border-bottom-right-radius: 10px;; \">\n\t\t\t\t<div class=\"ub-button-content-holder\" style=\"flex-direction: row\">\n\t\t\t\t\t<span class=\"ub-button-block-btn\">Spielerliste zum Ausf\u00fcllen (.docx)<\/span>\n\t\t\t\t<\/div>\n\t\t\t<\/a>\n\t\t<\/div><div class=\"ub-button-container\">\n\t\t\t<a href=\"https:\/\/hsg-panther.de\/de\/wp-content\/uploads\/2026\/04\/Spielerliste-OHG-2026.pdf\" target=\"_blank\" rel=\"noopener noreferrer\" class=\"ub-button-block-main   ub-button-flex\" role=\"button\" style=\"--ub-button-background-color: #e3000b; --ub-button-color: #ffffff; --ub-button-border: none; --ub-button-hover-background-color: #313131; --ub-button-hover-color: #ffffff; --ub-button-hover-border: none; padding-top: 10px; padding-right: 10px; padding-bottom: 10px; padding-left: 10px; border-top-left-radius: 10px;; border-top-right-radius: 10px;; border-bottom-left-radius: 10px;; border-bottom-right-radius: 10px;; \">\n\t\t\t\t<div class=\"ub-button-content-holder\" style=\"flex-direction: row\">\n\t\t\t\t\t<span class=\"ub-button-block-btn\">Spielerliste zum Ausf\u00fcllen (.pdf)<\/span>\n\t\t\t\t<\/div>\n\t\t\t<\/a>\n\t\t<\/div><\/div>\n\n\n<p><\/p>\n\n\n\n<h2 class=\"wp-block-heading\" id=\"0-austragungsorte\">Austragungsorte<\/h2>\n\n\n\n<figure class=\"wp-block-table\"><table><thead><tr><th>Hallenname<\/th><th>Adresse<\/th><\/tr><\/thead><tbody><tr><td>Neue Kreissporthalle<\/td><td>Neust\u00fcckweg 3, 67105 Schifferstadt<\/td><\/tr><tr><td>Alte Kreissporthalle<\/td><td>Neust\u00fcckweg, 67105 Schifferstadt <\/td><\/tr><tr><td>Ganerbhalle<\/td><td>Iggelheimer Stra\u00dfe 35, 67373 Dudenhofen<\/td><\/tr><\/tbody><\/table><\/figure>\n\n\n\n<h2 class=\"wp-block-heading\">Verpflegung<\/h2>\n\n\n\n<p>Ein vielf\u00e4ltiges Angebot an Speisen und Getr\u00e4nken inklusive ausreichend Sitzm\u00f6glichkeiten findet sich im Foyer und auf dem Platz vor der Neuen Kreissporthalle und der Ganerbhalle.<\/p>\n\n\n\n<p><\/p>\n","protected":false},"excerpt":{"rendered":"<p>Austragungsorte Hallenname Adresse Neue Kreissporthalle Neust\u00fcckweg 3, 67105 Schifferstadt Alte Kreissporthalle Neust\u00fcckweg, 67105 Schifferstadt Ganerbhalle Iggelheimer Stra\u00dfe 35, 67373 Dudenhofen Verpflegung Ein vielf\u00e4ltiges Angebot an Speisen und Getr\u00e4nken inklusive ausreichend Sitzm\u00f6glichkeiten findet sich im Foyer und auf dem Platz vor der Neuen Kreissporthalle und der Ganerbhalle.<\/p>\n","protected":false},"author":6,"featured_media":0,"parent":0,"menu_order":300,"comment_status":"closed","ping_status":"closed","template":"","meta":{"footnotes":""},"class_list":["post-11438","page","type-page","status-publish","hentry","post"],"aioseo_notices":[],"featured_image_src":null,"_links":{"self":[{"href":"https:\/\/hsg-panther.de\/de\/wp-json\/wp\/v2\/pages\/11438","targetHints":{"allow":["GET"]}}],"collection":[{"href":"https:\/\/hsg-panther.de\/de\/wp-json\/wp\/v2\/pages"}],"about":[{"href":"https:\/\/hsg-panther.de\/de\/wp-json\/wp\/v2\/types\/page"}],"author":[{"embeddable":true,"href":"https:\/\/hsg-panther.de\/de\/wp-json\/wp\/v2\/users\/6"}],"replies":[{"embeddable":true,"href":"https:\/\/hsg-panther.de\/de\/wp-json\/wp\/v2\/comments?post=11438"}],"version-history":[{"count":9,"href":"https:\/\/hsg-panther.de\/de\/wp-json\/wp\/v2\/pages\/11438\/revisions"}],"predecessor-version":[{"id":12436,"href":"https:\/\/hsg-panther.de\/de\/wp-json\/wp\/v2\/pages\/11438\/revisions\/12436"}],"wp:attachment":[{"href":"https:\/\/hsg-panther.de\/de\/wp-json\/wp\/v2\/media?parent=11438"}],"curies":[{"name":"wp","href":"https:\/\/api.w.org\/{rel}","templated":true}]}}