{"id":10371,"date":"2024-02-13T16:52:11","date_gmt":"2024-02-13T15:52:11","guid":{"rendered":"https:\/\/hsg-panther.de\/de\/?page_id=10371"},"modified":"2024-02-19T17:41:10","modified_gmt":"2024-02-19T16:41:10","slug":"david-oetzel","status":"publish","type":"page","link":"https:\/\/hsg-panther.de\/de\/david-oetzel\/","title":{"rendered":"David Oetzel"},"content":{"rendered":"\n<p><strong>Spitzname:<\/strong><\/p>\n\n\n\n<p><strong>Alter: <\/strong>29<\/p>\n\n\n\n<p><strong>Trikotnummer:<\/strong> fr\u00fcher die 11, 22 und 24<\/p>\n\n\n\n<p><strong>Bisherige Vereine: <\/strong>TV Dudenhofen, TSG Friesenheim, TSG Ha\u00dfloch, SV 64 Zweibr\u00fccken, VTV Mundenheim<\/p>\n\n\n\n<p><strong>Saisonziele: <\/strong>jedes Spiel gewinnen<\/p>\n\n\n\n<p><strong>Im Verein seit: <\/strong>Trainer seit 2020<\/p>\n\n\n\n<p><strong>Amt\/Aufgabe im Team: <\/strong>Trainer<\/p>\n\n\n\n<p><strong>Lieblingsgetr\u00e4nk: <\/strong>stilles Wasser<\/p>\n\n\n\n<p><strong>Ritual vor dem Spiel: <\/strong>Video vom Gegner schauen<\/p>\n\n\n\n<p><strong>Das sagt die Mannschaft \u00fcber mich:<\/strong> #headcoach #sehremotionaldabei #mastermind #p\u00f6bler #st\u00fcndeamliebstenselbstaufderplatte #kenntdiegegnertaktikvordemgegnerselbst<\/p>\n\n\n\n<figure class=\"wp-block-image size-medium\"><img loading=\"lazy\" decoding=\"async\" width=\"244\" height=\"300\" src=\"https:\/\/hsg-panther.de\/de\/wp-content\/uploads\/2024\/02\/P1020288-244x300.jpg\" alt=\"\" class=\"wp-image-10450\" srcset=\"https:\/\/hsg-panther.de\/de\/wp-content\/uploads\/2024\/02\/P1020288-244x300.jpg 244w, https:\/\/hsg-panther.de\/de\/wp-content\/uploads\/2024\/02\/P1020288-831x1024.jpg 831w, https:\/\/hsg-panther.de\/de\/wp-content\/uploads\/2024\/02\/P1020288-768x946.jpg 768w, https:\/\/hsg-panther.de\/de\/wp-content\/uploads\/2024\/02\/P1020288-1247x1536.jpg 1247w, https:\/\/hsg-panther.de\/de\/wp-content\/uploads\/2024\/02\/P1020288.jpg 1610w\" sizes=\"auto, (max-width: 244px) 100vw, 244px\" \/><\/figure>\n\n\n","protected":false},"excerpt":{"rendered":"<p>Spitzname: Alter: 29 Trikotnummer: fr\u00fcher die 11, 22 und 24 Bisherige Vereine: TV Dudenhofen, TSG Friesenheim, TSG Ha\u00dfloch, SV 64 Zweibr\u00fccken, VTV Mundenheim Saisonziele: jedes Spiel gewinnen Im Verein seit: Trainer seit 2020 Amt\/Aufgabe im Team: Trainer Lieblingsgetr\u00e4nk: stilles Wasser Ritual vor dem Spiel: Video vom Gegner schauen Das sagt die Mannschaft \u00fcber mich: #headcoach [&hellip;]<\/p>\n","protected":false},"author":1,"featured_media":0,"parent":0,"menu_order":2,"comment_status":"closed","ping_status":"closed","template":"","meta":{"footnotes":""},"class_list":["post-10371","page","type-page","status-publish","hentry","post"],"aioseo_notices":[],"featured_image_src":null,"_links":{"self":[{"href":"https:\/\/hsg-panther.de\/de\/wp-json\/wp\/v2\/pages\/10371","targetHints":{"allow":["GET"]}}],"collection":[{"href":"https:\/\/hsg-panther.de\/de\/wp-json\/wp\/v2\/pages"}],"about":[{"href":"https:\/\/hsg-panther.de\/de\/wp-json\/wp\/v2\/types\/page"}],"author":[{"embeddable":true,"href":"https:\/\/hsg-panther.de\/de\/wp-json\/wp\/v2\/users\/1"}],"replies":[{"embeddable":true,"href":"https:\/\/hsg-panther.de\/de\/wp-json\/wp\/v2\/comments?post=10371"}],"version-history":[{"count":2,"href":"https:\/\/hsg-panther.de\/de\/wp-json\/wp\/v2\/pages\/10371\/revisions"}],"predecessor-version":[{"id":10451,"href":"https:\/\/hsg-panther.de\/de\/wp-json\/wp\/v2\/pages\/10371\/revisions\/10451"}],"wp:attachment":[{"href":"https:\/\/hsg-panther.de\/de\/wp-json\/wp\/v2\/media?parent=10371"}],"curies":[{"name":"wp","href":"https:\/\/api.w.org\/{rel}","templated":true}]}}