{"id":10365,"date":"2024-02-13T16:49:48","date_gmt":"2024-02-13T15:49:48","guid":{"rendered":"https:\/\/hsg-panther.de\/de\/?page_id=10365"},"modified":"2024-02-19T17:38:41","modified_gmt":"2024-02-19T16:38:41","slug":"carsten-handl","status":"publish","type":"page","link":"https:\/\/hsg-panther.de\/de\/carsten-handl\/","title":{"rendered":"Carsten Handl"},"content":{"rendered":"\n<p><strong>Spitzname:<\/strong><\/p>\n\n\n\n<p><strong>Alter: <\/strong>25<\/p>\n\n\n\n<p><strong>Trikotnummer: <\/strong>9<\/p>\n\n\n\n<p><strong>Bisherige Vereine:<\/strong> TSG Ha\u00dfloch, TSV Iggelheim<\/p>\n\n\n\n<p><strong>Saisonziele: <\/strong>oben angreifen, wieder fit werden<\/p>\n\n\n\n<p><strong>Im Verein seit: <\/strong>2023<\/p>\n\n\n\n<p><strong>Amt\/Aufgabe im Team: <\/strong>Cuba Libre<\/p>\n\n\n\n<p><strong>Lieblingsgetr\u00e4nk: <\/strong>Cuba Libre<\/p>\n\n\n\n<p><strong>Ritual vor dem Spiel: <\/strong>erst linker, dann rechter Schuh<strong>Das sagt die Mannschaft \u00fcber mich: <\/strong>#stabileralsjederkater #wasistdennmitcarstenlos #carstenstahl #kommtdoppeltsostarkzur\u00fcck #k\u00e4mpfer #wirftmit300kmh #neuzugang24 #teamgeist #vielzuguterkerl<\/p>\n\n\n\n<figure class=\"wp-block-image size-medium\"><img loading=\"lazy\" decoding=\"async\" width=\"210\" height=\"300\" src=\"https:\/\/hsg-panther.de\/de\/wp-content\/uploads\/2024\/02\/P1020114-210x300.jpg\" alt=\"\" class=\"wp-image-10445\" srcset=\"https:\/\/hsg-panther.de\/de\/wp-content\/uploads\/2024\/02\/P1020114-210x300.jpg 210w, https:\/\/hsg-panther.de\/de\/wp-content\/uploads\/2024\/02\/P1020114-715x1024.jpg 715w, https:\/\/hsg-panther.de\/de\/wp-content\/uploads\/2024\/02\/P1020114-768x1100.jpg 768w, https:\/\/hsg-panther.de\/de\/wp-content\/uploads\/2024\/02\/P1020114-1073x1536.jpg 1073w, https:\/\/hsg-panther.de\/de\/wp-content\/uploads\/2024\/02\/P1020114-1430x2048.jpg 1430w, https:\/\/hsg-panther.de\/de\/wp-content\/uploads\/2024\/02\/P1020114.jpg 1718w\" sizes=\"auto, (max-width: 210px) 100vw, 210px\" \/><\/figure>\n","protected":false},"excerpt":{"rendered":"<p>Spitzname: Alter: 25 Trikotnummer: 9 Bisherige Vereine: TSG Ha\u00dfloch, TSV Iggelheim Saisonziele: oben angreifen, wieder fit werden Im Verein seit: 2023 Amt\/Aufgabe im Team: Cuba Libre Lieblingsgetr\u00e4nk: Cuba Libre Ritual vor dem Spiel: erst linker, dann rechter SchuhDas sagt die Mannschaft \u00fcber mich: #stabileralsjederkater #wasistdennmitcarstenlos #carstenstahl #kommtdoppeltsostarkzur\u00fcck #k\u00e4mpfer #wirftmit300kmh #neuzugang24 #teamgeist #vielzuguterkerl<\/p>\n","protected":false},"author":1,"featured_media":0,"parent":0,"menu_order":2,"comment_status":"closed","ping_status":"closed","template":"","meta":{"footnotes":""},"class_list":["post-10365","page","type-page","status-publish","hentry","post"],"aioseo_notices":[],"featured_image_src":null,"_links":{"self":[{"href":"https:\/\/hsg-panther.de\/de\/wp-json\/wp\/v2\/pages\/10365","targetHints":{"allow":["GET"]}}],"collection":[{"href":"https:\/\/hsg-panther.de\/de\/wp-json\/wp\/v2\/pages"}],"about":[{"href":"https:\/\/hsg-panther.de\/de\/wp-json\/wp\/v2\/types\/page"}],"author":[{"embeddable":true,"href":"https:\/\/hsg-panther.de\/de\/wp-json\/wp\/v2\/users\/1"}],"replies":[{"embeddable":true,"href":"https:\/\/hsg-panther.de\/de\/wp-json\/wp\/v2\/comments?post=10365"}],"version-history":[{"count":2,"href":"https:\/\/hsg-panther.de\/de\/wp-json\/wp\/v2\/pages\/10365\/revisions"}],"predecessor-version":[{"id":10447,"href":"https:\/\/hsg-panther.de\/de\/wp-json\/wp\/v2\/pages\/10365\/revisions\/10447"}],"wp:attachment":[{"href":"https:\/\/hsg-panther.de\/de\/wp-json\/wp\/v2\/media?parent=10365"}],"curies":[{"name":"wp","href":"https:\/\/api.w.org\/{rel}","templated":true}]}}