{"id":10362,"date":"2024-02-13T16:49:02","date_gmt":"2024-02-13T15:49:02","guid":{"rendered":"https:\/\/hsg-panther.de\/de\/?page_id=10362"},"modified":"2024-02-19T17:43:56","modified_gmt":"2024-02-19T16:43:56","slug":"paul-schutzius","status":"publish","type":"page","link":"https:\/\/hsg-panther.de\/de\/paul-schutzius\/","title":{"rendered":"Paul Schutzius"},"content":{"rendered":"\n<p><strong>Spitzname:<\/strong><\/p>\n\n\n\n<p><strong>Alter: <\/strong>23<\/p>\n\n\n\n<p><strong>Trikotnummer: <\/strong>95<\/p>\n\n\n\n<p><strong>Bisherige Vereine: <\/strong>TV Dudenhofen, TSG Friesenheim, VTV Mundenheim<\/p>\n\n\n\n<p><strong>Saisonziele: <\/strong>das Team so gut es geht bei den gesteckten Zielen unterst\u00fctzen<\/p>\n\n\n\n<p><strong>Im Verein seit: <\/strong>2019<\/p>\n\n\n\n<p><strong>Amt\/Aufgabe im Team: <\/strong>Eventwart<\/p>\n\n\n\n<p><strong>Lieblingsgetr\u00e4nk: <\/strong>Cuba Libre<\/p>\n\n\n\n<p><strong>Ritual vor dem Spiel: <\/strong>Wadensleeve am linken Bein<\/p>\n\n\n\n<p><strong>Das sagt die Mannschaft \u00fcber mich: <\/strong>#trainingsmonster #mitanderereinstellungzugutf\u00fcrdieliga #unglaublichfaul #styleisnotacrime #diva #mussimmerdurcheinentrickgl\u00e4nzen #sunnyboy #springth\u00f6heralsallezusammen #drachepaul #shindy #ichwarmalinvalencia #denkterw\u00e4rderallergeilsteobwohlernieimtrainingist #schwanktzwischengenieundshindy<\/p>\n\n\n\n<p><\/p>\n\n\n\n<figure class=\"wp-block-image size-medium\"><img loading=\"lazy\" decoding=\"async\" width=\"200\" height=\"300\" src=\"https:\/\/hsg-panther.de\/de\/wp-content\/uploads\/2024\/02\/P1020033-200x300.jpg\" alt=\"\" class=\"wp-image-10454\" srcset=\"https:\/\/hsg-panther.de\/de\/wp-content\/uploads\/2024\/02\/P1020033-200x300.jpg 200w, https:\/\/hsg-panther.de\/de\/wp-content\/uploads\/2024\/02\/P1020033-683x1024.jpg 683w, https:\/\/hsg-panther.de\/de\/wp-content\/uploads\/2024\/02\/P1020033-768x1151.jpg 768w, https:\/\/hsg-panther.de\/de\/wp-content\/uploads\/2024\/02\/P1020033-1025x1536.jpg 1025w, https:\/\/hsg-panther.de\/de\/wp-content\/uploads\/2024\/02\/P1020033-1366x2048.jpg 1366w, https:\/\/hsg-panther.de\/de\/wp-content\/uploads\/2024\/02\/P1020033.jpg 1557w\" sizes=\"auto, (max-width: 200px) 100vw, 200px\" \/><\/figure>\n","protected":false},"excerpt":{"rendered":"<p>Spitzname: Alter: 23 Trikotnummer: 95 Bisherige Vereine: TV Dudenhofen, TSG Friesenheim, VTV Mundenheim Saisonziele: das Team so gut es geht bei den gesteckten Zielen unterst\u00fctzen Im Verein seit: 2019 Amt\/Aufgabe im Team: Eventwart Lieblingsgetr\u00e4nk: Cuba Libre Ritual vor dem Spiel: Wadensleeve am linken Bein Das sagt die Mannschaft \u00fcber mich: #trainingsmonster #mitanderereinstellungzugutf\u00fcrdieliga #unglaublichfaul #styleisnotacrime #diva [&hellip;]<\/p>\n","protected":false},"author":1,"featured_media":0,"parent":0,"menu_order":2,"comment_status":"closed","ping_status":"closed","template":"","meta":{"footnotes":""},"class_list":["post-10362","page","type-page","status-publish","hentry","post"],"aioseo_notices":[],"featured_image_src":null,"_links":{"self":[{"href":"https:\/\/hsg-panther.de\/de\/wp-json\/wp\/v2\/pages\/10362","targetHints":{"allow":["GET"]}}],"collection":[{"href":"https:\/\/hsg-panther.de\/de\/wp-json\/wp\/v2\/pages"}],"about":[{"href":"https:\/\/hsg-panther.de\/de\/wp-json\/wp\/v2\/types\/page"}],"author":[{"embeddable":true,"href":"https:\/\/hsg-panther.de\/de\/wp-json\/wp\/v2\/users\/1"}],"replies":[{"embeddable":true,"href":"https:\/\/hsg-panther.de\/de\/wp-json\/wp\/v2\/comments?post=10362"}],"version-history":[{"count":2,"href":"https:\/\/hsg-panther.de\/de\/wp-json\/wp\/v2\/pages\/10362\/revisions"}],"predecessor-version":[{"id":10455,"href":"https:\/\/hsg-panther.de\/de\/wp-json\/wp\/v2\/pages\/10362\/revisions\/10455"}],"wp:attachment":[{"href":"https:\/\/hsg-panther.de\/de\/wp-json\/wp\/v2\/media?parent=10362"}],"curies":[{"name":"wp","href":"https:\/\/api.w.org\/{rel}","templated":true}]}}