{"id":10359,"date":"2024-02-13T16:48:08","date_gmt":"2024-02-13T15:48:08","guid":{"rendered":"https:\/\/hsg-panther.de\/de\/?page_id=10359"},"modified":"2024-02-13T16:48:09","modified_gmt":"2024-02-13T15:48:09","slug":"marco-beckmann","status":"publish","type":"page","link":"https:\/\/hsg-panther.de\/de\/marco-beckmann\/","title":{"rendered":"Marco Beckmann"},"content":{"rendered":"\n<p><strong>Spitzname: <\/strong>Beckes, Speckes<\/p>\n\n\n\n<p><strong>Alter: <\/strong>25<\/p>\n\n\n\n<p><strong>Trikotnummer: <\/strong>3<\/p>\n\n\n\n<p><strong>Bisherige Vereine: <\/strong>TSG Mutterstadt, TV Rheing\u00f6nheim, TSG Friesenheim, VTV Mundenheim<\/p>\n\n\n\n<p><strong>Saisonziele: <\/strong>Aufstieg<\/p>\n\n\n\n<p><strong>Im Verein seit: <\/strong>2017<\/p>\n\n\n\n<p><strong>Amt\/Aufgabe im Team: <\/strong>Statistik<\/p>\n\n\n\n<p><strong>Lieblingsgetr\u00e4nk: <\/strong>Traubensaftschorle<\/p>\n\n\n\n<p><strong>Ritual vor dem Spiel:<\/strong><\/p>\n\n\n\n<p><strong>Das sagt die Mannschaft \u00fcber mich: <\/strong>#statistikfreak #kenntspielerundstatistikenandererbesseralssieselbst #dynamischsterau\u00dfenderliga #mrstatistik #handballnerd #kenntjedenundwasermacht #immersaftkur #hoffentlichbaldzur\u00fcck #ewiglangerarm<\/p>\n\n\n\n<p><\/p>\n","protected":false},"excerpt":{"rendered":"<p>Spitzname: Beckes, Speckes Alter: 25 Trikotnummer: 3 Bisherige Vereine: TSG Mutterstadt, TV Rheing\u00f6nheim, TSG Friesenheim, VTV Mundenheim Saisonziele: Aufstieg Im Verein seit: 2017 Amt\/Aufgabe im Team: Statistik Lieblingsgetr\u00e4nk: Traubensaftschorle Ritual vor dem Spiel: Das sagt die Mannschaft \u00fcber mich: #statistikfreak #kenntspielerundstatistikenandererbesseralssieselbst #dynamischsterau\u00dfenderliga #mrstatistik #handballnerd #kenntjedenundwasermacht #immersaftkur #hoffentlichbaldzur\u00fcck #ewiglangerarm<\/p>\n","protected":false},"author":1,"featured_media":0,"parent":0,"menu_order":2,"comment_status":"closed","ping_status":"closed","template":"","meta":{"footnotes":""},"class_list":["post-10359","page","type-page","status-publish","hentry","post"],"aioseo_notices":[],"featured_image_src":null,"_links":{"self":[{"href":"https:\/\/hsg-panther.de\/de\/wp-json\/wp\/v2\/pages\/10359","targetHints":{"allow":["GET"]}}],"collection":[{"href":"https:\/\/hsg-panther.de\/de\/wp-json\/wp\/v2\/pages"}],"about":[{"href":"https:\/\/hsg-panther.de\/de\/wp-json\/wp\/v2\/types\/page"}],"author":[{"embeddable":true,"href":"https:\/\/hsg-panther.de\/de\/wp-json\/wp\/v2\/users\/1"}],"replies":[{"embeddable":true,"href":"https:\/\/hsg-panther.de\/de\/wp-json\/wp\/v2\/comments?post=10359"}],"version-history":[{"count":1,"href":"https:\/\/hsg-panther.de\/de\/wp-json\/wp\/v2\/pages\/10359\/revisions"}],"predecessor-version":[{"id":10361,"href":"https:\/\/hsg-panther.de\/de\/wp-json\/wp\/v2\/pages\/10359\/revisions\/10361"}],"wp:attachment":[{"href":"https:\/\/hsg-panther.de\/de\/wp-json\/wp\/v2\/media?parent=10359"}],"curies":[{"name":"wp","href":"https:\/\/api.w.org\/{rel}","templated":true}]}}