{"id":10349,"date":"2024-02-13T16:43:19","date_gmt":"2024-02-13T15:43:19","guid":{"rendered":"https:\/\/hsg-panther.de\/de\/?page_id=10349"},"modified":"2024-02-20T11:29:37","modified_gmt":"2024-02-20T10:29:37","slug":"tobias-weinerth","status":"publish","type":"page","link":"https:\/\/hsg-panther.de\/de\/tobias-weinerth\/","title":{"rendered":"Tobias Weinerth"},"content":{"rendered":"\n<p><strong>Spitzname: <\/strong>Tobi, El Glatzo<\/p>\n\n\n\n<p><strong>Alter: <\/strong>30<\/p>\n\n\n\n<p><strong>Trikotnummer: <\/strong>12<\/p>\n\n\n\n<p><strong>Bisherige Vereine: <\/strong>TV Dudenhofen, TSG Ha\u00dfloch, S\u00fcdpfalz Tiger, TSV Iggelheim<\/p>\n\n\n\n<p><strong>Saisonziele: <\/strong>verletzungsfrei bleiben und oben angreifen<\/p>\n\n\n\n<p><strong>Im Verein seit: <\/strong>2023<\/p>\n\n\n\n<p><strong>Amt\/Aufgabe im Team: <\/strong>Beauty Wart<\/p>\n\n\n\n<p><strong>Lieblingsgetr\u00e4nk: <\/strong>Cola-Sauer, Schorle<\/p>\n\n\n\n<p><strong>Ritual vor dem Spiel: <\/strong>Nudeln essen<\/p>\n\n\n\n<p><strong>Das sagt die Mannschaft \u00fcber mich: <\/strong>#feiertparadenbeimwarmwerfen #crazytyp #\u00fcberzeugenderbeatywart #haarehaltenkeineb\u00e4lle #springtimtorschnellwieeinflummi #flinkwieeinekatze-nurimtor #r\u00fcckkehrer #reflexewieeinblitz #fu\u00dfballtorh\u00fcterimhandball #WOOOOINATH #hechtsprung #ehrgeizinperson #bekommtinmanchentrainingsgarkeintor<\/p>\n\n\n\n<figure class=\"wp-block-image size-medium\"><img loading=\"lazy\" decoding=\"async\" width=\"157\" height=\"300\" src=\"https:\/\/hsg-panther.de\/de\/wp-content\/uploads\/2024\/02\/P1020055-157x300.jpg\" alt=\"\" class=\"wp-image-10522\" srcset=\"https:\/\/hsg-panther.de\/de\/wp-content\/uploads\/2024\/02\/P1020055-157x300.jpg 157w, https:\/\/hsg-panther.de\/de\/wp-content\/uploads\/2024\/02\/P1020055-536x1024.jpg 536w, https:\/\/hsg-panther.de\/de\/wp-content\/uploads\/2024\/02\/P1020055-768x1466.jpg 768w, https:\/\/hsg-panther.de\/de\/wp-content\/uploads\/2024\/02\/P1020055-805x1536.jpg 805w, https:\/\/hsg-panther.de\/de\/wp-content\/uploads\/2024\/02\/P1020055-1073x2048.jpg 1073w, https:\/\/hsg-panther.de\/de\/wp-content\/uploads\/2024\/02\/P1020055.jpg 1328w\" sizes=\"auto, (max-width: 157px) 100vw, 157px\" \/><\/figure>\n","protected":false},"excerpt":{"rendered":"<p>Spitzname: Tobi, El Glatzo Alter: 30 Trikotnummer: 12 Bisherige Vereine: TV Dudenhofen, TSG Ha\u00dfloch, S\u00fcdpfalz Tiger, TSV Iggelheim Saisonziele: verletzungsfrei bleiben und oben angreifen Im Verein seit: 2023 Amt\/Aufgabe im Team: Beauty Wart Lieblingsgetr\u00e4nk: Cola-Sauer, Schorle Ritual vor dem Spiel: Nudeln essen Das sagt die Mannschaft \u00fcber mich: #feiertparadenbeimwarmwerfen #crazytyp #\u00fcberzeugenderbeatywart #haarehaltenkeineb\u00e4lle #springtimtorschnellwieeinflummi #flinkwieeinekatze-nurimtor #r\u00fcckkehrer [&hellip;]<\/p>\n","protected":false},"author":1,"featured_media":0,"parent":0,"menu_order":2,"comment_status":"closed","ping_status":"closed","template":"","meta":{"footnotes":""},"class_list":["post-10349","page","type-page","status-publish","hentry","post"],"aioseo_notices":[],"featured_image_src":null,"_links":{"self":[{"href":"https:\/\/hsg-panther.de\/de\/wp-json\/wp\/v2\/pages\/10349","targetHints":{"allow":["GET"]}}],"collection":[{"href":"https:\/\/hsg-panther.de\/de\/wp-json\/wp\/v2\/pages"}],"about":[{"href":"https:\/\/hsg-panther.de\/de\/wp-json\/wp\/v2\/types\/page"}],"author":[{"embeddable":true,"href":"https:\/\/hsg-panther.de\/de\/wp-json\/wp\/v2\/users\/1"}],"replies":[{"embeddable":true,"href":"https:\/\/hsg-panther.de\/de\/wp-json\/wp\/v2\/comments?post=10349"}],"version-history":[{"count":2,"href":"https:\/\/hsg-panther.de\/de\/wp-json\/wp\/v2\/pages\/10349\/revisions"}],"predecessor-version":[{"id":10523,"href":"https:\/\/hsg-panther.de\/de\/wp-json\/wp\/v2\/pages\/10349\/revisions\/10523"}],"wp:attachment":[{"href":"https:\/\/hsg-panther.de\/de\/wp-json\/wp\/v2\/media?parent=10349"}],"curies":[{"name":"wp","href":"https:\/\/api.w.org\/{rel}","templated":true}]}}