{"id":10346,"date":"2024-02-13T16:42:19","date_gmt":"2024-02-13T15:42:19","guid":{"rendered":"https:\/\/hsg-panther.de\/de\/?page_id=10346"},"modified":"2024-02-20T11:36:42","modified_gmt":"2024-02-20T10:36:42","slug":"konrad-worf","status":"publish","type":"page","link":"https:\/\/hsg-panther.de\/de\/konrad-worf\/","title":{"rendered":"Konrad Worf"},"content":{"rendered":"\n<p><strong>Spitzname: <\/strong>Kessel<\/p>\n\n\n\n<p><strong>Alter: <\/strong>19<\/p>\n\n\n\n<p><strong>Trikotnummer: <\/strong>76<\/p>\n\n\n\n<p><strong>Bisherige Vereine: <\/strong>nur die HSG<\/p>\n\n\n\n<p><strong>Saisonziele: <\/strong>100% Leistungsabruf f\u00fcr die Mannschaft<\/p>\n\n\n\n<p><strong>Im Verein seit: <\/strong>2010<\/p>\n\n\n\n<p><strong>Amt\/Aufgabe im Team: <\/strong>Geschenke und Geburtstage<\/p>\n\n\n\n<p><strong>Lieblingsgetr\u00e4nk: <\/strong>Bucket Gin Tonic<\/p>\n\n\n\n<p><strong>Ritual vor dem Spiel: <\/strong>Cuba Energy und dabei tapen<\/p>\n\n\n\n<p><strong>Das sagt die Mannschaft \u00fcber mich: <\/strong>#f\u00fcrkeinenfeieranlasszuschade #kessel #dauerurlauber #komplettevorbereitungimurlaub #erstmalsnus #mr11% #kesselderkeinkesselmehrist #binichudi\u00f6ller?<\/p>\n\n\n\n<p><\/p>\n\n\n\n<figure class=\"wp-block-image size-medium\"><img loading=\"lazy\" decoding=\"async\" width=\"214\" height=\"300\" src=\"https:\/\/hsg-panther.de\/de\/wp-content\/uploads\/2024\/02\/IMG_4620-214x300.jpg\" alt=\"\" class=\"wp-image-10534\" srcset=\"https:\/\/hsg-panther.de\/de\/wp-content\/uploads\/2024\/02\/IMG_4620-214x300.jpg 214w, https:\/\/hsg-panther.de\/de\/wp-content\/uploads\/2024\/02\/IMG_4620-732x1024.jpg 732w, https:\/\/hsg-panther.de\/de\/wp-content\/uploads\/2024\/02\/IMG_4620-768x1074.jpg 768w, https:\/\/hsg-panther.de\/de\/wp-content\/uploads\/2024\/02\/IMG_4620-1098x1536.jpg 1098w, https:\/\/hsg-panther.de\/de\/wp-content\/uploads\/2024\/02\/IMG_4620-1464x2048.jpg 1464w, https:\/\/hsg-panther.de\/de\/wp-content\/uploads\/2024\/02\/IMG_4620-scaled.jpg 1830w\" sizes=\"auto, (max-width: 214px) 100vw, 214px\" \/><\/figure>\n","protected":false},"excerpt":{"rendered":"<p>Spitzname: Kessel Alter: 19 Trikotnummer: 76 Bisherige Vereine: nur die HSG Saisonziele: 100% Leistungsabruf f\u00fcr die Mannschaft Im Verein seit: 2010 Amt\/Aufgabe im Team: Geschenke und Geburtstage Lieblingsgetr\u00e4nk: Bucket Gin Tonic Ritual vor dem Spiel: Cuba Energy und dabei tapen Das sagt die Mannschaft \u00fcber mich: #f\u00fcrkeinenfeieranlasszuschade #kessel #dauerurlauber #komplettevorbereitungimurlaub #erstmalsnus #mr11% #kesselderkeinkesselmehrist #binichudi\u00f6ller?<\/p>\n","protected":false},"author":1,"featured_media":0,"parent":0,"menu_order":2,"comment_status":"closed","ping_status":"closed","template":"","meta":{"footnotes":""},"class_list":["post-10346","page","type-page","status-publish","hentry","post"],"aioseo_notices":[],"featured_image_src":null,"_links":{"self":[{"href":"https:\/\/hsg-panther.de\/de\/wp-json\/wp\/v2\/pages\/10346","targetHints":{"allow":["GET"]}}],"collection":[{"href":"https:\/\/hsg-panther.de\/de\/wp-json\/wp\/v2\/pages"}],"about":[{"href":"https:\/\/hsg-panther.de\/de\/wp-json\/wp\/v2\/types\/page"}],"author":[{"embeddable":true,"href":"https:\/\/hsg-panther.de\/de\/wp-json\/wp\/v2\/users\/1"}],"replies":[{"embeddable":true,"href":"https:\/\/hsg-panther.de\/de\/wp-json\/wp\/v2\/comments?post=10346"}],"version-history":[{"count":2,"href":"https:\/\/hsg-panther.de\/de\/wp-json\/wp\/v2\/pages\/10346\/revisions"}],"predecessor-version":[{"id":10535,"href":"https:\/\/hsg-panther.de\/de\/wp-json\/wp\/v2\/pages\/10346\/revisions\/10535"}],"wp:attachment":[{"href":"https:\/\/hsg-panther.de\/de\/wp-json\/wp\/v2\/media?parent=10346"}],"curies":[{"name":"wp","href":"https:\/\/api.w.org\/{rel}","templated":true}]}}