{"id":10344,"date":"2024-02-13T16:41:28","date_gmt":"2024-02-13T15:41:28","guid":{"rendered":"https:\/\/hsg-panther.de\/de\/?page_id=10344"},"modified":"2024-02-20T11:35:25","modified_gmt":"2024-02-20T10:35:25","slug":"lorenz-worf","status":"publish","type":"page","link":"https:\/\/hsg-panther.de\/de\/lorenz-worf\/","title":{"rendered":"Lorenz Worf"},"content":{"rendered":"\n<p><strong>Spitzname: <\/strong>Lacto<\/p>\n\n\n\n<p><strong>Alter: <\/strong>23<\/p>\n\n\n\n<p><strong>Trikotnummer: <\/strong>21<\/p>\n\n\n\n<p><strong>Bisherige Vereine: <\/strong>TV Dudenhofen<\/p>\n\n\n\n<p><strong>Saisonziele: <\/strong>immer 100% abzurufen<\/p>\n\n\n\n<p><strong>Im Verein seit: <\/strong>2008<\/p>\n\n\n\n<p><strong>Amt\/Aufgabe im Team: <\/strong>Kassenwart<\/p>\n\n\n\n<p><strong>Lieblingsgetr\u00e4nk: <\/strong>Iced Matcha Latte<\/p>\n\n\n\n<p><strong>Ritual vor dem Spiel: <\/strong>Finger tapen bis alle aus der Kabine sind<\/p>\n\n\n\n<p><strong>Das sagt die Mannschaft \u00fcber mich: <\/strong>#vielzucleverf\u00fcrseinverhalten #snusliebhaber #furztimmerimtraining #kassenwartdesvertrauens #labertaschehoch10 #bringtduschgameaufsn\u00e4chstelevel #dauerurlauber #einerderbestenverteidigerdermannschaft #siberiamarkenbotschafter #schulteristmalwiederlol #kannmankeinwortglauben #singtgernemalinderabwehr #ahlol<\/p>\n\n\n\n<p><\/p>\n\n\n\n<figure class=\"wp-block-image size-medium\"><img loading=\"lazy\" decoding=\"async\" width=\"228\" height=\"300\" src=\"https:\/\/hsg-panther.de\/de\/wp-content\/uploads\/2024\/02\/IMG_4612-228x300.jpg\" alt=\"\" class=\"wp-image-10532\" srcset=\"https:\/\/hsg-panther.de\/de\/wp-content\/uploads\/2024\/02\/IMG_4612-228x300.jpg 228w, https:\/\/hsg-panther.de\/de\/wp-content\/uploads\/2024\/02\/IMG_4612-778x1024.jpg 778w, https:\/\/hsg-panther.de\/de\/wp-content\/uploads\/2024\/02\/IMG_4612-768x1011.jpg 768w, https:\/\/hsg-panther.de\/de\/wp-content\/uploads\/2024\/02\/IMG_4612-1167x1536.jpg 1167w, https:\/\/hsg-panther.de\/de\/wp-content\/uploads\/2024\/02\/IMG_4612-1556x2048.jpg 1556w, https:\/\/hsg-panther.de\/de\/wp-content\/uploads\/2024\/02\/IMG_4612-scaled.jpg 1945w\" sizes=\"auto, (max-width: 228px) 100vw, 228px\" \/><\/figure>\n","protected":false},"excerpt":{"rendered":"<p>Spitzname: Lacto Alter: 23 Trikotnummer: 21 Bisherige Vereine: TV Dudenhofen Saisonziele: immer 100% abzurufen Im Verein seit: 2008 Amt\/Aufgabe im Team: Kassenwart Lieblingsgetr\u00e4nk: Iced Matcha Latte Ritual vor dem Spiel: Finger tapen bis alle aus der Kabine sind Das sagt die Mannschaft \u00fcber mich: #vielzucleverf\u00fcrseinverhalten #snusliebhaber #furztimmerimtraining #kassenwartdesvertrauens #labertaschehoch10 #bringtduschgameaufsn\u00e4chstelevel #dauerurlauber #einerderbestenverteidigerdermannschaft #siberiamarkenbotschafter #schulteristmalwiederlol #kannmankeinwortglauben [&hellip;]<\/p>\n","protected":false},"author":1,"featured_media":0,"parent":0,"menu_order":2,"comment_status":"closed","ping_status":"closed","template":"","meta":{"footnotes":""},"class_list":["post-10344","page","type-page","status-publish","hentry","post"],"aioseo_notices":[],"featured_image_src":null,"_links":{"self":[{"href":"https:\/\/hsg-panther.de\/de\/wp-json\/wp\/v2\/pages\/10344","targetHints":{"allow":["GET"]}}],"collection":[{"href":"https:\/\/hsg-panther.de\/de\/wp-json\/wp\/v2\/pages"}],"about":[{"href":"https:\/\/hsg-panther.de\/de\/wp-json\/wp\/v2\/types\/page"}],"author":[{"embeddable":true,"href":"https:\/\/hsg-panther.de\/de\/wp-json\/wp\/v2\/users\/1"}],"replies":[{"embeddable":true,"href":"https:\/\/hsg-panther.de\/de\/wp-json\/wp\/v2\/comments?post=10344"}],"version-history":[{"count":2,"href":"https:\/\/hsg-panther.de\/de\/wp-json\/wp\/v2\/pages\/10344\/revisions"}],"predecessor-version":[{"id":10533,"href":"https:\/\/hsg-panther.de\/de\/wp-json\/wp\/v2\/pages\/10344\/revisions\/10533"}],"wp:attachment":[{"href":"https:\/\/hsg-panther.de\/de\/wp-json\/wp\/v2\/media?parent=10344"}],"curies":[{"name":"wp","href":"https:\/\/api.w.org\/{rel}","templated":true}]}}