{"id":10340,"date":"2024-02-13T16:40:07","date_gmt":"2024-02-13T15:40:07","guid":{"rendered":"https:\/\/hsg-panther.de\/de\/?page_id=10340"},"modified":"2024-02-20T15:26:16","modified_gmt":"2024-02-20T14:26:16","slug":"patrick-muller","status":"publish","type":"page","link":"https:\/\/hsg-panther.de\/de\/patrick-muller\/","title":{"rendered":"Patrick M\u00fcller"},"content":{"rendered":"\n<p><strong>Spitzname: <\/strong>Bambi<\/p>\n\n\n\n<p><strong>Alter: <\/strong>24<\/p>\n\n\n\n<p><strong>Trikotnummer:<\/strong> 15<\/p>\n\n\n\n<p><strong>Bisherige Vereine: <\/strong>TV Schifferstadt, TV Hochdorf, TSV Iggelheim<\/p>\n\n\n\n<p><strong>Saisonziele: <\/strong>um den Aufstieg spielen<\/p>\n\n\n\n<p><strong>Im Verein seit: <\/strong>2022<\/p>\n\n\n\n<p><strong>Amt\/Aufgabe im Team: <\/strong>Schl\u00fcssel<\/p>\n\n\n\n<p><strong>Lieblingsgetr\u00e4nk: <\/strong>Espresso<\/p>\n\n\n\n<p><strong>Ritual vor dem Spiel:<\/strong><\/p>\n\n\n\n<p><strong>Das sagt die Mannschaft \u00fcber mich: <\/strong>#bambim\u00fcller #baldmenschhalbwade #gro\u00dferteddyb\u00e4r #massiveh\u00f6henangst #sch\u00fcchternerriese #zweitberufschl\u00fcsseldienst #gefahrf\u00fcrsichselbstbeimwandern #fackelimarm #beinewiebaumst\u00e4mme<\/p>\n\n\n\n<figure class=\"wp-block-image size-medium\"><img loading=\"lazy\" decoding=\"async\" width=\"177\" height=\"300\" src=\"https:\/\/hsg-panther.de\/de\/wp-content\/uploads\/2024\/02\/P1020275-177x300.jpg\" alt=\"\" class=\"wp-image-10439\" srcset=\"https:\/\/hsg-panther.de\/de\/wp-content\/uploads\/2024\/02\/P1020275-177x300.jpg 177w, https:\/\/hsg-panther.de\/de\/wp-content\/uploads\/2024\/02\/P1020275-604x1024.jpg 604w, https:\/\/hsg-panther.de\/de\/wp-content\/uploads\/2024\/02\/P1020275-768x1301.jpg 768w, https:\/\/hsg-panther.de\/de\/wp-content\/uploads\/2024\/02\/P1020275-907x1536.jpg 907w, https:\/\/hsg-panther.de\/de\/wp-content\/uploads\/2024\/02\/P1020275.jpg 1206w\" sizes=\"auto, (max-width: 177px) 100vw, 177px\" \/><\/figure>\n","protected":false},"excerpt":{"rendered":"<p>Spitzname: Bambi Alter: 24 Trikotnummer: 15 Bisherige Vereine: TV Schifferstadt, TV Hochdorf, TSV Iggelheim Saisonziele: um den Aufstieg spielen Im Verein seit: 2022 Amt\/Aufgabe im Team: Schl\u00fcssel Lieblingsgetr\u00e4nk: Espresso Ritual vor dem Spiel: Das sagt die Mannschaft \u00fcber mich: #bambim\u00fcller #baldmenschhalbwade #gro\u00dferteddyb\u00e4r #massiveh\u00f6henangst #sch\u00fcchternerriese #zweitberufschl\u00fcsseldienst #gefahrf\u00fcrsichselbstbeimwandern #fackelimarm #beinewiebaumst\u00e4mme<\/p>\n","protected":false},"author":1,"featured_media":0,"parent":0,"menu_order":2,"comment_status":"closed","ping_status":"closed","template":"","meta":{"footnotes":""},"class_list":["post-10340","page","type-page","status-publish","hentry","post"],"aioseo_notices":[],"featured_image_src":null,"_links":{"self":[{"href":"https:\/\/hsg-panther.de\/de\/wp-json\/wp\/v2\/pages\/10340","targetHints":{"allow":["GET"]}}],"collection":[{"href":"https:\/\/hsg-panther.de\/de\/wp-json\/wp\/v2\/pages"}],"about":[{"href":"https:\/\/hsg-panther.de\/de\/wp-json\/wp\/v2\/types\/page"}],"author":[{"embeddable":true,"href":"https:\/\/hsg-panther.de\/de\/wp-json\/wp\/v2\/users\/1"}],"replies":[{"embeddable":true,"href":"https:\/\/hsg-panther.de\/de\/wp-json\/wp\/v2\/comments?post=10340"}],"version-history":[{"count":4,"href":"https:\/\/hsg-panther.de\/de\/wp-json\/wp\/v2\/pages\/10340\/revisions"}],"predecessor-version":[{"id":10542,"href":"https:\/\/hsg-panther.de\/de\/wp-json\/wp\/v2\/pages\/10340\/revisions\/10542"}],"wp:attachment":[{"href":"https:\/\/hsg-panther.de\/de\/wp-json\/wp\/v2\/media?parent=10340"}],"curies":[{"name":"wp","href":"https:\/\/api.w.org\/{rel}","templated":true}]}}