{"id":10338,"date":"2024-02-13T16:39:06","date_gmt":"2024-02-13T15:39:06","guid":{"rendered":"https:\/\/hsg-panther.de\/de\/?page_id=10338"},"modified":"2024-02-20T11:28:20","modified_gmt":"2024-02-20T10:28:20","slug":"aurel-albert","status":"publish","type":"page","link":"https:\/\/hsg-panther.de\/de\/aurel-albert\/","title":{"rendered":"Aurel Albert"},"content":{"rendered":"\n<p><strong>Spitzname:<\/strong><\/p>\n\n\n\n<p><strong>Alter: <\/strong>21<\/p>\n\n\n\n<p><strong>Trikotnummer:<\/strong> 19<\/p>\n\n\n\n<p><strong>Bisherige Vereine: <\/strong>TSG Ha\u00dfloch<\/p>\n\n\n\n<p><strong>Saisonziele: <\/strong>um den Aufstieg spielen<\/p>\n\n\n\n<p><strong>Im Verein seit: <\/strong>2022<\/p>\n\n\n\n<p><strong>Amt\/Aufgabe im Team: <\/strong>Leibchenwart<\/p>\n\n\n\n<p><strong>Lieblingsgetr\u00e4nk: <\/strong>neuer Wein vom Z\u00fcrker<\/p>\n\n\n\n<p><strong>Ritual vor dem Spiel: <\/strong>Date mit der Blackroll<\/p>\n\n\n\n<p><strong>Das sagt die Mannschaft \u00fcber mich: <\/strong>#zuverl\u00e4ssiger7msch\u00fctzebisminute50 #pesodon #kabinenfestbeitr\u00e4gelegend\u00e4r-imnegativensinne #aurelspezial #bei7mabminute50schlackerndiebeine #langtief #kicktsehrschlecht #sicheresdinglangtief #sternekoch #neuerweinbeimbierpong #loddel<\/p>\n\n\n\n<p><\/p>\n\n\n\n<figure class=\"wp-block-image size-medium\"><img loading=\"lazy\" decoding=\"async\" width=\"180\" height=\"300\" src=\"https:\/\/hsg-panther.de\/de\/wp-content\/uploads\/2024\/02\/P1020154-180x300.jpg\" alt=\"\" class=\"wp-image-10520\" srcset=\"https:\/\/hsg-panther.de\/de\/wp-content\/uploads\/2024\/02\/P1020154-180x300.jpg 180w, https:\/\/hsg-panther.de\/de\/wp-content\/uploads\/2024\/02\/P1020154-616x1024.jpg 616w, https:\/\/hsg-panther.de\/de\/wp-content\/uploads\/2024\/02\/P1020154-768x1278.jpg 768w, https:\/\/hsg-panther.de\/de\/wp-content\/uploads\/2024\/02\/P1020154-923x1536.jpg 923w, https:\/\/hsg-panther.de\/de\/wp-content\/uploads\/2024\/02\/P1020154-1231x2048.jpg 1231w, https:\/\/hsg-panther.de\/de\/wp-content\/uploads\/2024\/02\/P1020154.jpg 1370w\" sizes=\"auto, (max-width: 180px) 100vw, 180px\" \/><\/figure>\n","protected":false},"excerpt":{"rendered":"<p>Spitzname: Alter: 21 Trikotnummer: 19 Bisherige Vereine: TSG Ha\u00dfloch Saisonziele: um den Aufstieg spielen Im Verein seit: 2022 Amt\/Aufgabe im Team: Leibchenwart Lieblingsgetr\u00e4nk: neuer Wein vom Z\u00fcrker Ritual vor dem Spiel: Date mit der Blackroll Das sagt die Mannschaft \u00fcber mich: #zuverl\u00e4ssiger7msch\u00fctzebisminute50 #pesodon #kabinenfestbeitr\u00e4gelegend\u00e4r-imnegativensinne #aurelspezial #bei7mabminute50schlackerndiebeine #langtief #kicktsehrschlecht #sicheresdinglangtief #sternekoch #neuerweinbeimbierpong #loddel<\/p>\n","protected":false},"author":1,"featured_media":0,"parent":0,"menu_order":2,"comment_status":"closed","ping_status":"closed","template":"","meta":{"footnotes":""},"class_list":["post-10338","page","type-page","status-publish","hentry","post"],"aioseo_notices":[],"featured_image_src":null,"_links":{"self":[{"href":"https:\/\/hsg-panther.de\/de\/wp-json\/wp\/v2\/pages\/10338","targetHints":{"allow":["GET"]}}],"collection":[{"href":"https:\/\/hsg-panther.de\/de\/wp-json\/wp\/v2\/pages"}],"about":[{"href":"https:\/\/hsg-panther.de\/de\/wp-json\/wp\/v2\/types\/page"}],"author":[{"embeddable":true,"href":"https:\/\/hsg-panther.de\/de\/wp-json\/wp\/v2\/users\/1"}],"replies":[{"embeddable":true,"href":"https:\/\/hsg-panther.de\/de\/wp-json\/wp\/v2\/comments?post=10338"}],"version-history":[{"count":2,"href":"https:\/\/hsg-panther.de\/de\/wp-json\/wp\/v2\/pages\/10338\/revisions"}],"predecessor-version":[{"id":10521,"href":"https:\/\/hsg-panther.de\/de\/wp-json\/wp\/v2\/pages\/10338\/revisions\/10521"}],"wp:attachment":[{"href":"https:\/\/hsg-panther.de\/de\/wp-json\/wp\/v2\/media?parent=10338"}],"curies":[{"name":"wp","href":"https:\/\/api.w.org\/{rel}","templated":true}]}}