{"id":10332,"date":"2024-02-13T16:36:35","date_gmt":"2024-02-13T15:36:35","guid":{"rendered":"https:\/\/hsg-panther.de\/de\/?page_id=10332"},"modified":"2024-02-19T17:46:38","modified_gmt":"2024-02-19T16:46:38","slug":"matthias-handrich","status":"publish","type":"page","link":"https:\/\/hsg-panther.de\/de\/matthias-handrich\/","title":{"rendered":"Matthias Handrich"},"content":{"rendered":"\n<p><strong>Spitzname: <\/strong>Matze<\/p>\n\n\n\n<p><strong>Alter: <\/strong>31<\/p>\n\n\n\n<p><strong>Trikotnummer: <\/strong>2<\/p>\n\n\n\n<p><strong>Bisherige Vereine: <\/strong>TSV Iggelheim, TV Schifferstadt<\/p>\n\n\n\n<p><strong>Saisonziele:<\/strong> nach Platz 1 greifen<\/p>\n\n\n\n<p><strong>Im Verein seit: <\/strong>2012<\/p>\n\n\n\n<p><strong>Amt\/Aufgabe im Team: <\/strong>Trikot- und Wasserwart<\/p>\n\n\n\n<p><strong>Lieblingsgetr\u00e4nk: <\/strong>Saftschorle<\/p>\n\n\n\n<p><strong>Ritual vor dem Spiel: <\/strong><strong>Das sagt die Mannschaft \u00fcber mich: <\/strong>#allzeitteamalt #neuesmannschaftsmitgliedfrida #st\u00e4rkstekeuleimarm #stammes\u00e4ltester #papadermannschaft #daddyonrollerblades #dermannmitdemsch\u00f6nstenhaar #allrounder #routinier #wiebesprochen #fahrradzumtraining<\/p>\n\n\n\n<p><\/p>\n\n\n\n<figure class=\"wp-block-image size-medium\"><img loading=\"lazy\" decoding=\"async\" width=\"209\" height=\"300\" src=\"https:\/\/hsg-panther.de\/de\/wp-content\/uploads\/2024\/02\/P1020220-209x300.jpg\" alt=\"\" class=\"wp-image-10458\" srcset=\"https:\/\/hsg-panther.de\/de\/wp-content\/uploads\/2024\/02\/P1020220-209x300.jpg 209w, https:\/\/hsg-panther.de\/de\/wp-content\/uploads\/2024\/02\/P1020220-714x1024.jpg 714w, https:\/\/hsg-panther.de\/de\/wp-content\/uploads\/2024\/02\/P1020220-768x1101.jpg 768w, https:\/\/hsg-panther.de\/de\/wp-content\/uploads\/2024\/02\/P1020220-1071x1536.jpg 1071w, https:\/\/hsg-panther.de\/de\/wp-content\/uploads\/2024\/02\/P1020220-1428x2048.jpg 1428w, https:\/\/hsg-panther.de\/de\/wp-content\/uploads\/2024\/02\/P1020220.jpg 1564w\" sizes=\"auto, (max-width: 209px) 100vw, 209px\" \/><\/figure>\n","protected":false},"excerpt":{"rendered":"<p>Spitzname: Matze Alter: 31 Trikotnummer: 2 Bisherige Vereine: TSV Iggelheim, TV Schifferstadt Saisonziele: nach Platz 1 greifen Im Verein seit: 2012 Amt\/Aufgabe im Team: Trikot- und Wasserwart Lieblingsgetr\u00e4nk: Saftschorle Ritual vor dem Spiel: Das sagt die Mannschaft \u00fcber mich: #allzeitteamalt #neuesmannschaftsmitgliedfrida #st\u00e4rkstekeuleimarm #stammes\u00e4ltester #papadermannschaft #daddyonrollerblades #dermannmitdemsch\u00f6nstenhaar #allrounder #routinier #wiebesprochen #fahrradzumtraining<\/p>\n","protected":false},"author":1,"featured_media":0,"parent":0,"menu_order":2,"comment_status":"closed","ping_status":"closed","template":"","meta":{"footnotes":""},"class_list":["post-10332","page","type-page","status-publish","hentry","post"],"aioseo_notices":[],"featured_image_src":null,"_links":{"self":[{"href":"https:\/\/hsg-panther.de\/de\/wp-json\/wp\/v2\/pages\/10332","targetHints":{"allow":["GET"]}}],"collection":[{"href":"https:\/\/hsg-panther.de\/de\/wp-json\/wp\/v2\/pages"}],"about":[{"href":"https:\/\/hsg-panther.de\/de\/wp-json\/wp\/v2\/types\/page"}],"author":[{"embeddable":true,"href":"https:\/\/hsg-panther.de\/de\/wp-json\/wp\/v2\/users\/1"}],"replies":[{"embeddable":true,"href":"https:\/\/hsg-panther.de\/de\/wp-json\/wp\/v2\/comments?post=10332"}],"version-history":[{"count":2,"href":"https:\/\/hsg-panther.de\/de\/wp-json\/wp\/v2\/pages\/10332\/revisions"}],"predecessor-version":[{"id":10459,"href":"https:\/\/hsg-panther.de\/de\/wp-json\/wp\/v2\/pages\/10332\/revisions\/10459"}],"wp:attachment":[{"href":"https:\/\/hsg-panther.de\/de\/wp-json\/wp\/v2\/media?parent=10332"}],"curies":[{"name":"wp","href":"https:\/\/api.w.org\/{rel}","templated":true}]}}