{"id":10330,"date":"2024-02-13T16:32:42","date_gmt":"2024-02-13T15:32:42","guid":{"rendered":"https:\/\/hsg-panther.de\/de\/?page_id=10330"},"modified":"2024-02-19T17:39:50","modified_gmt":"2024-02-19T16:39:50","slug":"dominik-selinger","status":"publish","type":"page","link":"https:\/\/hsg-panther.de\/de\/dominik-selinger\/","title":{"rendered":"Dominik Selinger"},"content":{"rendered":"\n<p><strong>Spitzname: <\/strong>Seele<\/p>\n\n\n\n<p><strong>Alter: <\/strong>23<\/p>\n\n\n\n<p><strong>Trikotnummer: <\/strong>97<\/p>\n\n\n\n<p><strong>Bisherige Vereine: <\/strong>nur die HSG<\/p>\n\n\n\n<p><strong>Saisonziele: <\/strong>Top 3<\/p>\n\n\n\n<p><strong>Im Verein seit: <\/strong>2014<\/p>\n\n\n\n<p><strong>Amt\/Aufgabe im Team: <\/strong>Videowart<\/p>\n\n\n\n<p><strong>Lieblingsgetr\u00e4nk: <\/strong>Schorle<\/p>\n\n\n\n<p><strong>Ritual vor dem Spiel: <\/strong>kaltes Wasser ins Gesicht<\/p>\n\n\n\n<p><strong>Das sagt die Mannschaft \u00fcber mich: <\/strong>#einkapit\u00e4naufreisen #frauenschwarm #vorzeigel\u00e4cheln #traumschwiegersohn #kannnurlanghochwerfen #roterkopfbeianstrengung #elcapitano #capitanomitferrero #gehtdahinwoeswehtut #anf\u00fchrerundlenker #68plus5 #l\u00e4ngsterausfallschritt #costaboy #abwehrmonster #immervollgas<\/p>\n\n\n\n<p><\/p>\n\n\n\n<figure class=\"wp-block-image size-medium\"><img loading=\"lazy\" decoding=\"async\" width=\"233\" height=\"300\" src=\"https:\/\/hsg-panther.de\/de\/wp-content\/uploads\/2024\/02\/P1020206-233x300.jpg\" alt=\"\" class=\"wp-image-10448\" srcset=\"https:\/\/hsg-panther.de\/de\/wp-content\/uploads\/2024\/02\/P1020206-233x300.jpg 233w, https:\/\/hsg-panther.de\/de\/wp-content\/uploads\/2024\/02\/P1020206-796x1024.jpg 796w, https:\/\/hsg-panther.de\/de\/wp-content\/uploads\/2024\/02\/P1020206-768x989.jpg 768w, https:\/\/hsg-panther.de\/de\/wp-content\/uploads\/2024\/02\/P1020206-1193x1536.jpg 1193w, https:\/\/hsg-panther.de\/de\/wp-content\/uploads\/2024\/02\/P1020206-1591x2048.jpg 1591w, https:\/\/hsg-panther.de\/de\/wp-content\/uploads\/2024\/02\/P1020206.jpg 1877w\" sizes=\"auto, (max-width: 233px) 100vw, 233px\" \/><\/figure>\n","protected":false},"excerpt":{"rendered":"<p>Spitzname: Seele Alter: 23 Trikotnummer: 97 Bisherige Vereine: nur die HSG Saisonziele: Top 3 Im Verein seit: 2014 Amt\/Aufgabe im Team: Videowart Lieblingsgetr\u00e4nk: Schorle Ritual vor dem Spiel: kaltes Wasser ins Gesicht Das sagt die Mannschaft \u00fcber mich: #einkapit\u00e4naufreisen #frauenschwarm #vorzeigel\u00e4cheln #traumschwiegersohn #kannnurlanghochwerfen #roterkopfbeianstrengung #elcapitano #capitanomitferrero #gehtdahinwoeswehtut #anf\u00fchrerundlenker #68plus5 #l\u00e4ngsterausfallschritt #costaboy #abwehrmonster #immervollgas<\/p>\n","protected":false},"author":1,"featured_media":0,"parent":0,"menu_order":2,"comment_status":"closed","ping_status":"closed","template":"","meta":{"footnotes":""},"class_list":["post-10330","page","type-page","status-publish","hentry","post"],"aioseo_notices":[],"featured_image_src":null,"_links":{"self":[{"href":"https:\/\/hsg-panther.de\/de\/wp-json\/wp\/v2\/pages\/10330","targetHints":{"allow":["GET"]}}],"collection":[{"href":"https:\/\/hsg-panther.de\/de\/wp-json\/wp\/v2\/pages"}],"about":[{"href":"https:\/\/hsg-panther.de\/de\/wp-json\/wp\/v2\/types\/page"}],"author":[{"embeddable":true,"href":"https:\/\/hsg-panther.de\/de\/wp-json\/wp\/v2\/users\/1"}],"replies":[{"embeddable":true,"href":"https:\/\/hsg-panther.de\/de\/wp-json\/wp\/v2\/comments?post=10330"}],"version-history":[{"count":2,"href":"https:\/\/hsg-panther.de\/de\/wp-json\/wp\/v2\/pages\/10330\/revisions"}],"predecessor-version":[{"id":10449,"href":"https:\/\/hsg-panther.de\/de\/wp-json\/wp\/v2\/pages\/10330\/revisions\/10449"}],"wp:attachment":[{"href":"https:\/\/hsg-panther.de\/de\/wp-json\/wp\/v2\/media?parent=10330"}],"curies":[{"name":"wp","href":"https:\/\/api.w.org\/{rel}","templated":true}]}}