{"id":10328,"date":"2024-02-13T16:31:42","date_gmt":"2024-02-13T15:31:42","guid":{"rendered":"https:\/\/hsg-panther.de\/de\/?page_id=10328"},"modified":"2024-02-19T17:37:11","modified_gmt":"2024-02-19T16:37:11","slug":"christopher-huber","status":"publish","type":"page","link":"https:\/\/hsg-panther.de\/de\/christopher-huber\/","title":{"rendered":"Christopher Huber"},"content":{"rendered":"\n<p><strong>Spitzname: <\/strong>Huber<\/p>\n\n\n\n<p><strong>Alter: <\/strong>25<\/p>\n\n\n\n<p><strong>Trikotnummer: <\/strong>7<\/p>\n\n\n\n<p><strong>Bisherige Vereine: <\/strong>TV Thaleischweiler, SV 64 Zweibr\u00fccken<\/p>\n\n\n\n<p><strong>Saisonziele: <\/strong>Aufstieg<\/p>\n\n\n\n<p><strong>Im Verein seit: <\/strong>2022<\/p>\n\n\n\n<p><strong>Amt\/Aufgabe im Team: <\/strong>Thekendienste verteilen<\/p>\n\n\n\n<p><strong>Lieblingsgetr\u00e4nk: <\/strong>Weizen<\/p>\n\n\n\n<p><strong>Ritual vor dem Spiel: <\/strong><strong>Das sagt die Mannschaft \u00fcber mich: <\/strong>#hatmalh\u00f6hergespielt! #mannohnekater #konstantguteleistungenindritterhalbzeit #spieltnichtnurinderdrittenhalbzeith\u00f6her #einmacherdernatur #derzeigefinger #geh\u00f6rtbaldderganzeverein #huberfinger<\/p>\n\n\n\n<p><\/p>\n\n\n\n<figure class=\"wp-block-image size-medium\"><img loading=\"lazy\" decoding=\"async\" width=\"232\" height=\"300\" src=\"https:\/\/hsg-panther.de\/de\/wp-content\/uploads\/2024\/02\/P1020255-232x300.jpg\" alt=\"\" class=\"wp-image-10441\" srcset=\"https:\/\/hsg-panther.de\/de\/wp-content\/uploads\/2024\/02\/P1020255-232x300.jpg 232w, https:\/\/hsg-panther.de\/de\/wp-content\/uploads\/2024\/02\/P1020255-792x1024.jpg 792w, https:\/\/hsg-panther.de\/de\/wp-content\/uploads\/2024\/02\/P1020255-768x993.jpg 768w, https:\/\/hsg-panther.de\/de\/wp-content\/uploads\/2024\/02\/P1020255-1188x1536.jpg 1188w, https:\/\/hsg-panther.de\/de\/wp-content\/uploads\/2024\/02\/P1020255-1585x2048.jpg 1585w, https:\/\/hsg-panther.de\/de\/wp-content\/uploads\/2024\/02\/P1020255.jpg 1679w\" sizes=\"auto, (max-width: 232px) 100vw, 232px\" \/><\/figure>\n","protected":false},"excerpt":{"rendered":"<p>Spitzname: Huber Alter: 25 Trikotnummer: 7 Bisherige Vereine: TV Thaleischweiler, SV 64 Zweibr\u00fccken Saisonziele: Aufstieg Im Verein seit: 2022 Amt\/Aufgabe im Team: Thekendienste verteilen Lieblingsgetr\u00e4nk: Weizen Ritual vor dem Spiel: Das sagt die Mannschaft \u00fcber mich: #hatmalh\u00f6hergespielt! #mannohnekater #konstantguteleistungenindritterhalbzeit #spieltnichtnurinderdrittenhalbzeith\u00f6her #einmacherdernatur #derzeigefinger #geh\u00f6rtbaldderganzeverein #huberfinger<\/p>\n","protected":false},"author":1,"featured_media":0,"parent":0,"menu_order":2,"comment_status":"closed","ping_status":"closed","template":"","meta":{"footnotes":""},"class_list":["post-10328","page","type-page","status-publish","hentry","post"],"aioseo_notices":[],"featured_image_src":null,"_links":{"self":[{"href":"https:\/\/hsg-panther.de\/de\/wp-json\/wp\/v2\/pages\/10328","targetHints":{"allow":["GET"]}}],"collection":[{"href":"https:\/\/hsg-panther.de\/de\/wp-json\/wp\/v2\/pages"}],"about":[{"href":"https:\/\/hsg-panther.de\/de\/wp-json\/wp\/v2\/types\/page"}],"author":[{"embeddable":true,"href":"https:\/\/hsg-panther.de\/de\/wp-json\/wp\/v2\/users\/1"}],"replies":[{"embeddable":true,"href":"https:\/\/hsg-panther.de\/de\/wp-json\/wp\/v2\/comments?post=10328"}],"version-history":[{"count":3,"href":"https:\/\/hsg-panther.de\/de\/wp-json\/wp\/v2\/pages\/10328\/revisions"}],"predecessor-version":[{"id":10444,"href":"https:\/\/hsg-panther.de\/de\/wp-json\/wp\/v2\/pages\/10328\/revisions\/10444"}],"wp:attachment":[{"href":"https:\/\/hsg-panther.de\/de\/wp-json\/wp\/v2\/media?parent=10328"}],"curies":[{"name":"wp","href":"https:\/\/api.w.org\/{rel}","templated":true}]}}