{"id":10325,"date":"2024-02-13T16:30:45","date_gmt":"2024-02-13T15:30:45","guid":{"rendered":"https:\/\/hsg-panther.de\/de\/?page_id=10325"},"modified":"2024-02-19T17:45:23","modified_gmt":"2024-02-19T16:45:23","slug":"simon-richter","status":"publish","type":"page","link":"https:\/\/hsg-panther.de\/de\/simon-richter\/","title":{"rendered":"Simon Richter"},"content":{"rendered":"\n<p><strong>Spitzname: <\/strong>Sid<\/p>\n\n\n\n<p><strong>Alter: <\/strong>22<\/p>\n\n\n\n<p><strong>Trikotnummer: <\/strong>29<\/p>\n\n\n\n<p><strong>Bisherige Vereine: <\/strong>schon immer im Verein<\/p>\n\n\n\n<p><strong>Saisonziele: <\/strong>Top 3 in der Liga<\/p>\n\n\n\n<p><strong>Im Verein seit: <\/strong>2010<\/p>\n\n\n\n<p><strong>Amt\/Aufgabe im Team: <\/strong>Fu\u00dfball Statistik<\/p>\n\n\n\n<p><strong>Lieblingsgetr\u00e4nk: <\/strong>Spezi\/Hanava Cola<\/p>\n\n\n\n<p><strong>Ritual vor dem Spiel: <\/strong>immer erst den linken Schuh anziehen<\/p>\n\n\n\n<p><strong>Das sagt die Mannschaft \u00fcber mich: <\/strong>#wurfkuh #gutesauge #denkterw\u00e4rebastianschweinsteiger #vornehuihintenpfui #fr\u00fchertorh\u00fcteraberhatteangstvordemball #keule #diedrehung #hauptsachefest #wurfkuh #nurderFCB #esgibtnurlanghoch #beijedemfehlwurfpers\u00f6nlichbeleidigt #abwehrnurnotwendiges\u00fcbel<\/p>\n\n\n\n<figure class=\"wp-block-image size-medium\"><img loading=\"lazy\" decoding=\"async\" width=\"189\" height=\"300\" src=\"https:\/\/hsg-panther.de\/de\/wp-content\/uploads\/2024\/02\/P1020244-189x300.jpg\" alt=\"\" class=\"wp-image-10456\" srcset=\"https:\/\/hsg-panther.de\/de\/wp-content\/uploads\/2024\/02\/P1020244-189x300.jpg 189w, https:\/\/hsg-panther.de\/de\/wp-content\/uploads\/2024\/02\/P1020244-647x1024.jpg 647w, https:\/\/hsg-panther.de\/de\/wp-content\/uploads\/2024\/02\/P1020244-768x1216.jpg 768w, https:\/\/hsg-panther.de\/de\/wp-content\/uploads\/2024\/02\/P1020244-970x1536.jpg 970w, https:\/\/hsg-panther.de\/de\/wp-content\/uploads\/2024\/02\/P1020244-1293x2048.jpg 1293w, https:\/\/hsg-panther.de\/de\/wp-content\/uploads\/2024\/02\/P1020244.jpg 1503w\" sizes=\"auto, (max-width: 189px) 100vw, 189px\" \/><\/figure>\n","protected":false},"excerpt":{"rendered":"<p>Spitzname: Sid Alter: 22 Trikotnummer: 29 Bisherige Vereine: schon immer im Verein Saisonziele: Top 3 in der Liga Im Verein seit: 2010 Amt\/Aufgabe im Team: Fu\u00dfball Statistik Lieblingsgetr\u00e4nk: Spezi\/Hanava Cola Ritual vor dem Spiel: immer erst den linken Schuh anziehen Das sagt die Mannschaft \u00fcber mich: #wurfkuh #gutesauge #denkterw\u00e4rebastianschweinsteiger #vornehuihintenpfui #fr\u00fchertorh\u00fcteraberhatteangstvordemball #keule #diedrehung #hauptsachefest #wurfkuh [&hellip;]<\/p>\n","protected":false},"author":1,"featured_media":0,"parent":0,"menu_order":2,"comment_status":"closed","ping_status":"closed","template":"","meta":{"footnotes":""},"class_list":["post-10325","page","type-page","status-publish","hentry","post"],"aioseo_notices":[],"featured_image_src":null,"_links":{"self":[{"href":"https:\/\/hsg-panther.de\/de\/wp-json\/wp\/v2\/pages\/10325","targetHints":{"allow":["GET"]}}],"collection":[{"href":"https:\/\/hsg-panther.de\/de\/wp-json\/wp\/v2\/pages"}],"about":[{"href":"https:\/\/hsg-panther.de\/de\/wp-json\/wp\/v2\/types\/page"}],"author":[{"embeddable":true,"href":"https:\/\/hsg-panther.de\/de\/wp-json\/wp\/v2\/users\/1"}],"replies":[{"embeddable":true,"href":"https:\/\/hsg-panther.de\/de\/wp-json\/wp\/v2\/comments?post=10325"}],"version-history":[{"count":2,"href":"https:\/\/hsg-panther.de\/de\/wp-json\/wp\/v2\/pages\/10325\/revisions"}],"predecessor-version":[{"id":10457,"href":"https:\/\/hsg-panther.de\/de\/wp-json\/wp\/v2\/pages\/10325\/revisions\/10457"}],"wp:attachment":[{"href":"https:\/\/hsg-panther.de\/de\/wp-json\/wp\/v2\/media?parent=10325"}],"curies":[{"name":"wp","href":"https:\/\/api.w.org\/{rel}","templated":true}]}}