{"id":10319,"date":"2024-02-13T16:26:54","date_gmt":"2024-02-13T15:26:54","guid":{"rendered":"https:\/\/hsg-panther.de\/de\/?page_id=10319"},"modified":"2026-03-01T14:43:57","modified_gmt":"2026-03-01T13:43:57","slug":"dominic-gerbes","status":"publish","type":"page","link":"https:\/\/hsg-panther.de\/de\/dominic-gerbes\/","title":{"rendered":"Dominic Gerbes"},"content":{"rendered":"\n<p><strong>Spitzname: <\/strong>Gerbes<\/p>\n\n\n\n<p><strong>Alter: <\/strong>24<\/p>\n\n\n\n<p><strong>Trikotnummer: <\/strong>87<\/p>\n\n\n\n<p><strong>Bisherige Vereine: <\/strong>schon immer treu im Verein<\/p>\n\n\n\n<p><strong>Saisonziele: <\/strong>oben mitk\u00e4mpfen<\/p>\n\n\n\n<p><strong>Im Verein seit: <\/strong>dem dritten Lebensjahr<\/p>\n\n\n\n<p><strong>Amt\/Aufgabe im Team: <\/strong>Eisbox<\/p>\n\n\n\n<p><strong>Lieblingsgetr\u00e4nk: <\/strong>Johannisbeerschorle\/Bacardi Cola<\/p>\n\n\n\n<p><strong>Ritual vor dem Spiel: <\/strong>Duschen und ein Ziel setzen<\/p>\n\n\n\n<p><strong>Das sagt die Mannschaft \u00fcber mich: <\/strong>#zuverl\u00e4ssigeallzweckwaffe #stimmungsschwankungen #lewishamilton #einfachzuschnell #h\u00e4tte1oomsprinterwerdensollen #vergleichbarmitusainbolt #kannbeimaufw\u00e4rmengutverlieren #beachbody #traininggelaufenbeiverlorenempunktespiel #99erpace #beimerstensonnenstrahldesjahreswalnussbraun<\/p>\n\n\n\n<p><\/p>\n\n\n\n<figure class=\"wp-block-image size-medium\"><img loading=\"lazy\" decoding=\"async\" width=\"220\" height=\"300\" src=\"https:\/\/hsg-panther.de\/de\/wp-content\/uploads\/2024\/02\/P1020119-220x300.jpg\" alt=\"\" class=\"wp-image-10463\" srcset=\"https:\/\/hsg-panther.de\/de\/wp-content\/uploads\/2024\/02\/P1020119-220x300.jpg 220w, https:\/\/hsg-panther.de\/de\/wp-content\/uploads\/2024\/02\/P1020119-751x1024.jpg 751w, https:\/\/hsg-panther.de\/de\/wp-content\/uploads\/2024\/02\/P1020119-768x1047.jpg 768w, https:\/\/hsg-panther.de\/de\/wp-content\/uploads\/2024\/02\/P1020119-1127x1536.jpg 1127w, https:\/\/hsg-panther.de\/de\/wp-content\/uploads\/2024\/02\/P1020119-1502x2048.jpg 1502w, https:\/\/hsg-panther.de\/de\/wp-content\/uploads\/2024\/02\/P1020119.jpg 1749w\" sizes=\"auto, (max-width: 220px) 100vw, 220px\" \/><\/figure>\n","protected":false},"excerpt":{"rendered":"<p>Spitzname: Gerbes Alter: 24 Trikotnummer: 87 Bisherige Vereine: schon immer treu im Verein Saisonziele: oben mitk\u00e4mpfen Im Verein seit: dem dritten Lebensjahr Amt\/Aufgabe im Team: Eisbox Lieblingsgetr\u00e4nk: Johannisbeerschorle\/Bacardi Cola Ritual vor dem Spiel: Duschen und ein Ziel setzen Das sagt die Mannschaft \u00fcber mich: #zuverl\u00e4ssigeallzweckwaffe #stimmungsschwankungen #lewishamilton #einfachzuschnell #h\u00e4tte1oomsprinterwerdensollen #vergleichbarmitusainbolt #kannbeimaufw\u00e4rmengutverlieren #beachbody #traininggelaufenbeiverlorenempunktespiel #99erpace #beimerstensonnenstrahldesjahreswalnussbraun<\/p>\n","protected":false},"author":1,"featured_media":0,"parent":0,"menu_order":2,"comment_status":"closed","ping_status":"closed","template":"","meta":{"footnotes":""},"class_list":["post-10319","page","type-page","status-publish","hentry","post"],"aioseo_notices":[],"featured_image_src":null,"_links":{"self":[{"href":"https:\/\/hsg-panther.de\/de\/wp-json\/wp\/v2\/pages\/10319","targetHints":{"allow":["GET"]}}],"collection":[{"href":"https:\/\/hsg-panther.de\/de\/wp-json\/wp\/v2\/pages"}],"about":[{"href":"https:\/\/hsg-panther.de\/de\/wp-json\/wp\/v2\/types\/page"}],"author":[{"embeddable":true,"href":"https:\/\/hsg-panther.de\/de\/wp-json\/wp\/v2\/users\/1"}],"replies":[{"embeddable":true,"href":"https:\/\/hsg-panther.de\/de\/wp-json\/wp\/v2\/comments?post=10319"}],"version-history":[{"count":3,"href":"https:\/\/hsg-panther.de\/de\/wp-json\/wp\/v2\/pages\/10319\/revisions"}],"predecessor-version":[{"id":12249,"href":"https:\/\/hsg-panther.de\/de\/wp-json\/wp\/v2\/pages\/10319\/revisions\/12249"}],"wp:attachment":[{"href":"https:\/\/hsg-panther.de\/de\/wp-json\/wp\/v2\/media?parent=10319"}],"curies":[{"name":"wp","href":"https:\/\/api.w.org\/{rel}","templated":true}]}}