{"id":10314,"date":"2024-02-13T16:17:30","date_gmt":"2024-02-13T15:17:30","guid":{"rendered":"https:\/\/hsg-panther.de\/de\/?page_id=10314"},"modified":"2024-02-20T11:34:24","modified_gmt":"2024-02-20T10:34:24","slug":"markus-michel","status":"publish","type":"page","link":"https:\/\/hsg-panther.de\/de\/markus-michel\/","title":{"rendered":"Markus Michel"},"content":{"rendered":"\n<p><strong>Spitzname: <\/strong>Ichel<\/p>\n\n\n\n<p><strong>Alter: <\/strong>31<\/p>\n\n\n\n<p><strong>Trikotnummer: <\/strong>22<\/p>\n\n\n\n<p><strong>Bisherige Vereine: <\/strong>TV Offenbach, S\u00fcdpfalz Tiger<\/p>\n\n\n\n<p><strong>Saisonziele: <\/strong>Top 3<\/p>\n\n\n\n<p><strong>Im Verein seit: <\/strong>2023<\/p>\n\n\n\n<p><strong>Amt\/Aufgabe im Team: <\/strong>1. Hilfe Koffer<\/p>\n\n\n\n<p><strong>Lieblingsgetr\u00e4nk: <\/strong>Schorle<\/p>\n\n\n\n<p><strong>Ritual vor dem Spiel: <\/strong>eine gro\u00dfe Runde Gassi mit meiner H\u00fcndin Nala<\/p>\n\n\n\n<p><strong>Das sagt die Mannschaft \u00fcber mich: <\/strong>#mustermannschaftsspieler #kannkeinhochdeutschreden #luftnachobenimbasketball #campingstuhl #zweiaufsetzer\u00fcberstorhintereinander #nachdemabklatschenhatmanernsthafteschmerzen #mannf\u00fcrsgrobe #alterhase #model #trainingsschauspieler #hebergehenimmer #handwerkerh\u00e4nde #lautre! #herrdertaktiktafel<\/p>\n\n\n\n<p><\/p>\n\n\n\n<figure class=\"wp-block-image size-medium\"><img loading=\"lazy\" decoding=\"async\" width=\"194\" height=\"300\" src=\"https:\/\/hsg-panther.de\/de\/wp-content\/uploads\/2024\/02\/P1020199-194x300.jpg\" alt=\"\" class=\"wp-image-10530\" srcset=\"https:\/\/hsg-panther.de\/de\/wp-content\/uploads\/2024\/02\/P1020199-194x300.jpg 194w, https:\/\/hsg-panther.de\/de\/wp-content\/uploads\/2024\/02\/P1020199-664x1024.jpg 664w, https:\/\/hsg-panther.de\/de\/wp-content\/uploads\/2024\/02\/P1020199-768x1185.jpg 768w, https:\/\/hsg-panther.de\/de\/wp-content\/uploads\/2024\/02\/P1020199-995x1536.jpg 995w, https:\/\/hsg-panther.de\/de\/wp-content\/uploads\/2024\/02\/P1020199-1327x2048.jpg 1327w, https:\/\/hsg-panther.de\/de\/wp-content\/uploads\/2024\/02\/P1020199.jpg 1510w\" sizes=\"auto, (max-width: 194px) 100vw, 194px\" \/><\/figure>\n","protected":false},"excerpt":{"rendered":"<p>Spitzname: Ichel Alter: 31 Trikotnummer: 22 Bisherige Vereine: TV Offenbach, S\u00fcdpfalz Tiger Saisonziele: Top 3 Im Verein seit: 2023 Amt\/Aufgabe im Team: 1. Hilfe Koffer Lieblingsgetr\u00e4nk: Schorle Ritual vor dem Spiel: eine gro\u00dfe Runde Gassi mit meiner H\u00fcndin Nala Das sagt die Mannschaft \u00fcber mich: #mustermannschaftsspieler #kannkeinhochdeutschreden #luftnachobenimbasketball #campingstuhl #zweiaufsetzer\u00fcberstorhintereinander #nachdemabklatschenhatmanernsthafteschmerzen #mannf\u00fcrsgrobe #alterhase #model #trainingsschauspieler [&hellip;]<\/p>\n","protected":false},"author":1,"featured_media":0,"parent":0,"menu_order":2,"comment_status":"closed","ping_status":"closed","template":"","meta":{"footnotes":""},"class_list":["post-10314","page","type-page","status-publish","hentry","post"],"aioseo_notices":[],"featured_image_src":null,"_links":{"self":[{"href":"https:\/\/hsg-panther.de\/de\/wp-json\/wp\/v2\/pages\/10314","targetHints":{"allow":["GET"]}}],"collection":[{"href":"https:\/\/hsg-panther.de\/de\/wp-json\/wp\/v2\/pages"}],"about":[{"href":"https:\/\/hsg-panther.de\/de\/wp-json\/wp\/v2\/types\/page"}],"author":[{"embeddable":true,"href":"https:\/\/hsg-panther.de\/de\/wp-json\/wp\/v2\/users\/1"}],"replies":[{"embeddable":true,"href":"https:\/\/hsg-panther.de\/de\/wp-json\/wp\/v2\/comments?post=10314"}],"version-history":[{"count":3,"href":"https:\/\/hsg-panther.de\/de\/wp-json\/wp\/v2\/pages\/10314\/revisions"}],"predecessor-version":[{"id":10531,"href":"https:\/\/hsg-panther.de\/de\/wp-json\/wp\/v2\/pages\/10314\/revisions\/10531"}],"wp:attachment":[{"href":"https:\/\/hsg-panther.de\/de\/wp-json\/wp\/v2\/media?parent=10314"}],"curies":[{"name":"wp","href":"https:\/\/api.w.org\/{rel}","templated":true}]}}